{"id":2521,"date":"2023-10-22T18:43:42","date_gmt":"2023-10-22T18:43:42","guid":{"rendered":"https:\/\/tonyhawkscentru.md\/?page_id=2521"},"modified":"2023-10-23T13:02:31","modified_gmt":"2023-10-23T13:02:31","slug":"useful-information","status":"publish","type":"page","link":"https:\/\/tonyhawkscentru.md\/index.php\/en\/useful-information\/","title":{"rendered":"Useful information"},"content":{"rendered":"\t\t<div data-elementor-type=\"wp-page\" data-elementor-id=\"2521\" class=\"elementor elementor-2521\">\n\t\t\t\t\t\t<div class=\"elementor-inner\">\n\t\t\t\t<div class=\"elementor-section-wrap\">\n\t\t\t\t\t\t\t\t\t<section class=\"elementor-section elementor-top-section elementor-element elementor-element-67711b79 elementor-section-boxed elementor-section-height-default elementor-section-height-default\" data-id=\"67711b79\" data-element_type=\"section\" data-settings=\"{&quot;background_background&quot;:&quot;classic&quot;}\">\n\t\t\t\t\t\t\t<div class=\"elementor-background-overlay\"><\/div>\n\t\t\t\t\t\t\t<div class=\"elementor-container elementor-column-gap-default\">\n\t\t\t\t\t\t\t<div class=\"elementor-row\">\n\t\t\t\t\t<div class=\"elementor-column elementor-col-100 elementor-top-column elementor-element elementor-element-70863284\" data-id=\"70863284\" data-element_type=\"column\">\n\t\t\t<div class=\"elementor-column-wrap elementor-element-populated\">\n\t\t\t\t\t\t\t<div class=\"elementor-widget-wrap\">\n\t\t\t\t\t\t<div class=\"elementor-element elementor-element-62ed9936 elementor-invisible elementor-widget elementor-widget-heading\" data-id=\"62ed9936\" data-element_type=\"widget\" data-settings=\"{&quot;_animation&quot;:&quot;fadeInDown&quot;,&quot;_animation_delay&quot;:&quot;300&quot;}\" data-widget_type=\"heading.default\">\n\t\t\t\t<div class=\"elementor-widget-container\">\n\t\t\t<h1 class=\"elementor-heading-title elementor-size-default\">Useful information<\/h1>\t\t<\/div>\n\t\t\t\t<\/div>\n\t\t\t\t\t\t<\/div>\n\t\t\t\t\t<\/div>\n\t\t<\/div>\n\t\t\t\t\t\t\t\t<\/div>\n\t\t\t\t\t<\/div>\n\t\t<\/section>\n\t\t\t\t<section class=\"elementor-section elementor-top-section elementor-element elementor-element-5429a35 elementor-section-boxed elementor-section-height-default elementor-section-height-default\" data-id=\"5429a35\" data-element_type=\"section\">\n\t\t\t\t\t\t<div class=\"elementor-container elementor-column-gap-default\">\n\t\t\t\t\t\t\t<div class=\"elementor-row\">\n\t\t\t\t\t<div class=\"elementor-column elementor-col-100 elementor-top-column elementor-element elementor-element-2b0871e\" data-id=\"2b0871e\" data-element_type=\"column\">\n\t\t\t<div class=\"elementor-column-wrap elementor-element-populated\">\n\t\t\t\t\t\t\t<div class=\"elementor-widget-wrap\">\n\t\t\t\t\t\t<div class=\"elementor-element elementor-element-706f541 elementor-widget elementor-widget-shortcode\" data-id=\"706f541\" data-element_type=\"widget\" data-widget_type=\"shortcode.default\">\n\t\t\t\t<div class=\"elementor-widget-container\">\n\t\t\t\t\t<div class=\"elementor-shortcode\"><div class=\"pt-cv-wrapper\"><div class=\"pt-cv-view pt-cv-grid pt-cv-colsys\" id=\"pt-cv-view-9dca94bi0g\"><div data-id=\"pt-cv-page-1\" class=\"pt-cv-page\" data-cvc=\"2\"><div class=\"col-md-6 col-sm-6 col-xs-12 pt-cv-content-item pt-cv-1-col\" ><div class='pt-cv-ifield'><a href=\"https:\/\/tonyhawkscentru.md\/index.php\/en\/2023\/10\/24\/what-is-the-coronavirus-vaccine\/\" class=\"_self pt-cv-href-thumbnail pt-cv-thumb-default\" target=\"_self\" ><\/a>\n<h4 class=\"pt-cv-title\"><a href=\"https:\/\/tonyhawkscentru.md\/index.php\/en\/2023\/10\/24\/what-is-the-coronavirus-vaccine\/\" class=\"_self\" target=\"_self\" >What is the coronavirus vaccine?<\/a><\/h4>\n<div class=\"pt-cv-content\">Easy-to-read and easy-to-understand version\" in English:What is the coronavirus vaccine? ...<br \/><div class=\"pt-cv-rmwrap\"><a href=\"https:\/\/tonyhawkscentru.md\/index.php\/en\/2023\/10\/24\/what-is-the-coronavirus-vaccine\/\" class=\"_self pt-cv-readmore btn btn-success\" target=\"_self\">Read more<\/a><\/div><\/div><\/div><\/div>\n<div class=\"col-md-6 col-sm-6 col-xs-12 pt-cv-content-item pt-cv-1-col\" ><div class='pt-cv-ifield'><a href=\"https:\/\/tonyhawkscentru.md\/index.php\/en\/2023\/10\/23\/elementor-2735\/\" class=\"_self pt-cv-href-thumbnail pt-cv-thumb-default\" target=\"_self\" ><\/a>\n<h4 class=\"pt-cv-title\"><a href=\"https:\/\/tonyhawkscentru.md\/index.php\/en\/2023\/10\/23\/elementor-2735\/\" class=\"_self\" target=\"_self\" >Elementor #2735<\/a><\/h4>\n<div class=\"pt-cv-content\">The purpose of respiratory kinesiotherapy is to ensure quality breathing, allowing proper oxygenation of the blood and the elimination of ...<br \/><div class=\"pt-cv-rmwrap\"><a href=\"https:\/\/tonyhawkscentru.md\/index.php\/en\/2023\/10\/23\/elementor-2735\/\" class=\"_self pt-cv-readmore btn btn-success\" target=\"_self\">Read more<\/a><\/div><\/div><\/div><\/div>\n<div class=\"col-md-6 col-sm-6 col-xs-12 pt-cv-content-item pt-cv-1-col\" ><div class='pt-cv-ifield'><a href=\"https:\/\/tonyhawkscentru.md\/index.php\/en\/2023\/10\/23\/elementor-2705\/\" class=\"_self pt-cv-href-thumbnail pt-cv-thumb-default\" target=\"_self\" ><\/a>\n<h4 class=\"pt-cv-title\"><a href=\"https:\/\/tonyhawkscentru.md\/index.php\/en\/2023\/10\/23\/elementor-2705\/\" class=\"_self\" target=\"_self\" >Prone Position \/ Lying on the Stomach &#8211; How to Aid Breathing?<\/a><\/h4>\n<div class=\"pt-cv-content\">Pozi\u021bia culcat \u00a0pe burt\u0103 (sau pozi\u021bia de prona\u021bie) ajut\u0103 respira\u021bia deoarece:deschide p\u0103r\u021bi ale pl\u0103m\u00e2nilor, care se pot contracta mai bine;ajut\u0103 ...<br \/><div class=\"pt-cv-rmwrap\"><a href=\"https:\/\/tonyhawkscentru.md\/index.php\/en\/2023\/10\/23\/elementor-2705\/\" class=\"_self pt-cv-readmore btn btn-success\" target=\"_self\">Read more<\/a><\/div><\/div><\/div><\/div><\/div><\/div><\/div><\/div>\n\t\t\t\t<\/div>\n\t\t\t\t<\/div>\n\t\t\t\t\t\t<\/div>\n\t\t\t\t\t<\/div>\n\t\t<\/div>\n\t\t\t\t\t\t\t\t<\/div>\n\t\t\t\t\t<\/div>\n\t\t<\/section>\n\t\t\t\t\t\t\t\t\t<\/div>\n\t\t\t<\/div>\n\t\t\t\t\t<\/div>\n\t\t","protected":false},"excerpt":{"rendered":"<p>Useful information<\/p>\n","protected":false},"author":4,"featured_media":0,"parent":0,"menu_order":0,"comment_status":"closed","ping_status":"closed","template":"elementor_header_footer","meta":{"neve_meta_sidebar":"full-width","neve_meta_container":"full-width","neve_meta_enable_content_width":"on","neve_meta_content_width":100,"neve_meta_title_alignment":"","neve_meta_author_avatar":"","neve_post_elements_order":"","neve_meta_disable_header":"","neve_meta_disable_footer":"","neve_meta_disable_title":""},"_links":{"self":[{"href":"https:\/\/tonyhawkscentru.md\/index.php\/wp-json\/wp\/v2\/pages\/2521"}],"collection":[{"href":"https:\/\/tonyhawkscentru.md\/index.php\/wp-json\/wp\/v2\/pages"}],"about":[{"href":"https:\/\/tonyhawkscentru.md\/index.php\/wp-json\/wp\/v2\/types\/page"}],"author":[{"embeddable":true,"href":"https:\/\/tonyhawkscentru.md\/index.php\/wp-json\/wp\/v2\/users\/4"}],"replies":[{"embeddable":true,"href":"https:\/\/tonyhawkscentru.md\/index.php\/wp-json\/wp\/v2\/comments?post=2521"}],"version-history":[{"count":11,"href":"https:\/\/tonyhawkscentru.md\/index.php\/wp-json\/wp\/v2\/pages\/2521\/revisions"}],"predecessor-version":[{"id":2713,"href":"https:\/\/tonyhawkscentru.md\/index.php\/wp-json\/wp\/v2\/pages\/2521\/revisions\/2713"}],"wp:attachment":[{"href":"https:\/\/tonyhawkscentru.md\/index.php\/wp-json\/wp\/v2\/media?parent=2521"}],"curies":[{"name":"wp","href":"https:\/\/api.w.org\/{rel}","templated":true}]}}