{"id":279,"date":"2020-01-22T14:05:51","date_gmt":"2020-01-22T14:05:51","guid":{"rendered":"http:\/\/tonyhawkscentru.rts.one\/?page_id=279"},"modified":"2021-01-05T10:50:26","modified_gmt":"2021-01-05T10:50:26","slug":"noutati-evenimente","status":"publish","type":"page","link":"https:\/\/tonyhawkscentru.md\/index.php\/noutati-evenimente\/","title":{"rendered":"Evenimente"},"content":{"rendered":"\t\t<div data-elementor-type=\"wp-page\" data-elementor-id=\"279\" class=\"elementor elementor-279\">\n\t\t\t\t\t\t<div class=\"elementor-inner\">\n\t\t\t\t<div class=\"elementor-section-wrap\">\n\t\t\t\t\t\t\t\t\t<section class=\"elementor-section elementor-top-section elementor-element elementor-element-67711b79 elementor-section-height-min-height elementor-section-boxed elementor-section-height-default elementor-section-items-middle\" data-id=\"67711b79\" data-element_type=\"section\" data-settings=\"{&quot;background_background&quot;:&quot;classic&quot;}\">\n\t\t\t\t\t\t\t<div class=\"elementor-background-overlay\"><\/div>\n\t\t\t\t\t\t\t<div class=\"elementor-container elementor-column-gap-default\">\n\t\t\t\t\t\t\t<div class=\"elementor-row\">\n\t\t\t\t\t<div class=\"elementor-column elementor-col-100 elementor-top-column elementor-element elementor-element-70863284\" data-id=\"70863284\" data-element_type=\"column\">\n\t\t\t<div class=\"elementor-column-wrap elementor-element-populated\">\n\t\t\t\t\t\t\t<div class=\"elementor-widget-wrap\">\n\t\t\t\t\t\t<div class=\"elementor-element elementor-element-62ed9936 elementor-invisible elementor-widget elementor-widget-heading\" data-id=\"62ed9936\" data-element_type=\"widget\" data-settings=\"{&quot;_animation&quot;:&quot;fadeInDown&quot;,&quot;_animation_delay&quot;:&quot;300&quot;}\" data-widget_type=\"heading.default\">\n\t\t\t\t<div class=\"elementor-widget-container\">\n\t\t\t<h1 class=\"elementor-heading-title elementor-size-default\"><br><br>Evenimente<\/h1>\t\t<\/div>\n\t\t\t\t<\/div>\n\t\t\t\t\t\t<\/div>\n\t\t\t\t\t<\/div>\n\t\t<\/div>\n\t\t\t\t\t\t\t\t<\/div>\n\t\t\t\t\t<\/div>\n\t\t<\/section>\n\t\t\t\t<section class=\"elementor-section elementor-top-section elementor-element elementor-element-ad487fa elementor-section-boxed elementor-section-height-default elementor-section-height-default\" data-id=\"ad487fa\" data-element_type=\"section\">\n\t\t\t\t\t\t<div class=\"elementor-container elementor-column-gap-default\">\n\t\t\t\t\t\t\t<div class=\"elementor-row\">\n\t\t\t\t\t<div class=\"elementor-column elementor-col-100 elementor-top-column elementor-element elementor-element-95e0797\" data-id=\"95e0797\" data-element_type=\"column\">\n\t\t\t<div class=\"elementor-column-wrap elementor-element-populated\">\n\t\t\t\t\t\t\t<div class=\"elementor-widget-wrap\">\n\t\t\t\t\t\t<div class=\"elementor-element elementor-element-8b4c3d6 elementor-widget elementor-widget-shortcode\" data-id=\"8b4c3d6\" data-element_type=\"widget\" data-widget_type=\"shortcode.default\">\n\t\t\t\t<div class=\"elementor-widget-container\">\n\t\t\t\t\t<div class=\"elementor-shortcode\"><div class=\"pt-cv-wrapper\"><div class=\"pt-cv-view pt-cv-grid pt-cv-colsys\" id=\"pt-cv-view-be7c31cv3s\"><div data-id=\"pt-cv-page-1\" class=\"pt-cv-page\" data-cvc=\"2\"><div class=\"col-md-6 col-sm-6 col-xs-12 pt-cv-content-item pt-cv-1-col\" ><div class='pt-cv-ifield'><a href=\"https:\/\/tonyhawkscentru.md\/index.php\/2025\/06\/17\/apel-de-colectare-fonduri\/\" class=\"_self pt-cv-href-thumbnail pt-cv-thumb-default\" target=\"_self\" ><\/a>\n<h4 class=\"pt-cv-title\"><a href=\"https:\/\/tonyhawkscentru.md\/index.php\/2025\/06\/17\/apel-de-colectare-fonduri\/\" class=\"_self\" target=\"_self\" >APEL DE COLECTARE DE FONDURI<\/a><\/h4>\n<div class=\"pt-cv-content\">Mai avem nevoie de 60 000 lei din totalul 110 000 lei !TAB\u0102RA DE VAR\u0102 INCLUZIV\u0102 2025 \u2013 Edi\u021bia a ...<br \/><div class=\"pt-cv-rmwrap\"><a href=\"https:\/\/tonyhawkscentru.md\/index.php\/2025\/06\/17\/apel-de-colectare-fonduri\/\" class=\"_self pt-cv-readmore btn btn-success\" target=\"_self\">Detalii<\/a><\/div><\/div><\/div><\/div>\n<div class=\"col-md-6 col-sm-6 col-xs-12 pt-cv-content-item pt-cv-1-col\" ><div class='pt-cv-ifield'><a href=\"https:\/\/tonyhawkscentru.md\/index.php\/2023\/09\/27\/inaugurarea-serviciului-de-terapie-ocupationala\/\" class=\"_self pt-cv-href-thumbnail pt-cv-thumb-default\" target=\"_self\" ><\/a>\n<h4 class=\"pt-cv-title\"><a href=\"https:\/\/tonyhawkscentru.md\/index.php\/2023\/09\/27\/inaugurarea-serviciului-de-terapie-ocupationala\/\" class=\"_self\" target=\"_self\" >Inaugurarea Serviciului de Terapie Ocupa\u021bional\u0103<\/a><\/h4>\n<div class=\"pt-cv-content\">Tony Hawks Centru finalizeaz\u0103 cu succes o etap\u0103 important\u0103 \u00een activitatea sa \u2013 lansarea oficial\u0103 a Serviciului de Terapie Ocupa\u021bional\u0103 ...<br \/><div class=\"pt-cv-rmwrap\"><a href=\"https:\/\/tonyhawkscentru.md\/index.php\/2023\/09\/27\/inaugurarea-serviciului-de-terapie-ocupationala\/\" class=\"_self pt-cv-readmore btn btn-success\" target=\"_self\">Detalii<\/a><\/div><\/div><\/div><\/div>\n<div class=\"col-md-6 col-sm-6 col-xs-12 pt-cv-content-item pt-cv-1-col\" ><div class='pt-cv-ifield'><a href=\"https:\/\/tonyhawkscentru.md\/index.php\/2023\/01\/13\/fundatia-tony-hawks-centru-face-totalurile-anului-2022\/\" class=\"_self pt-cv-href-thumbnail pt-cv-thumb-default\" target=\"_self\" ><\/a>\n<h4 class=\"pt-cv-title\"><a href=\"https:\/\/tonyhawkscentru.md\/index.php\/2023\/01\/13\/fundatia-tony-hawks-centru-face-totalurile-anului-2022\/\" class=\"_self\" target=\"_self\" >Funda\u021bia Tony Hawks Centru face totalurile anului 2022!!<\/a><\/h4>\n<div class=\"pt-cv-content\">Datorit\u0103 programului de granturi \u201eOrganiza\u021biile societ\u0103\u021bii civile ac\u021bioneaz\u0103 pentru servicii sociale mai bune\u201d, finan\u021bat de Uniunea European\u0103, cofinan\u021bat \u0219i implementat ...<br \/><div class=\"pt-cv-rmwrap\"><a href=\"https:\/\/tonyhawkscentru.md\/index.php\/2023\/01\/13\/fundatia-tony-hawks-centru-face-totalurile-anului-2022\/\" class=\"_self pt-cv-readmore btn btn-success\" target=\"_self\">Detalii<\/a><\/div><\/div><\/div><\/div>\n<div class=\"col-md-6 col-sm-6 col-xs-12 pt-cv-content-item pt-cv-1-col\" ><div class='pt-cv-ifield'><a href=\"https:\/\/tonyhawkscentru.md\/index.php\/2022\/09\/08\/concluzii-dupa-congresul-mondial-de-terapie-ocupationala-republica-moldova-are-nevoie-stringenta-sa-pregateasca-si-sa-califice-terapeuti-ocupationali\/\" class=\"_self pt-cv-href-thumbnail pt-cv-thumb-default\" target=\"_self\" ><\/a>\n<h4 class=\"pt-cv-title\"><a href=\"https:\/\/tonyhawkscentru.md\/index.php\/2022\/09\/08\/concluzii-dupa-congresul-mondial-de-terapie-ocupationala-republica-moldova-are-nevoie-stringenta-sa-pregateasca-si-sa-califice-terapeuti-ocupationali\/\" class=\"_self\" target=\"_self\" >Concluzii dup\u0103 Congresul Mondial de Terapie Ocupa\u021bional\u0103: Republica Moldova are nevoie stringent\u0103 s\u0103 preg\u0103teasc\u0103 \u0219i s\u0103 califice terapeu\u021bi ocupa\u021bionali<\/a><\/h4>\n<div class=\"pt-cv-content\">Echipa de speciali\u0219ti a Funda\u021biei Tony Hawks Centru, implica\u021bi \u00een dezvoltarea unui amplu proiect de terapie ocupa\u021bional\u0103 pentru copiii cu ...<br \/><div class=\"pt-cv-rmwrap\"><a href=\"https:\/\/tonyhawkscentru.md\/index.php\/2022\/09\/08\/concluzii-dupa-congresul-mondial-de-terapie-ocupationala-republica-moldova-are-nevoie-stringenta-sa-pregateasca-si-sa-califice-terapeuti-ocupationali\/\" class=\"_self pt-cv-readmore btn btn-success\" target=\"_self\">Detalii<\/a><\/div><\/div><\/div><\/div>\n<div class=\"col-md-6 col-sm-6 col-xs-12 pt-cv-content-item pt-cv-1-col\" ><div class='pt-cv-ifield'><a href=\"https:\/\/tonyhawkscentru.md\/index.php\/2021\/11\/17\/din-resusele-oferite-de-uniunea-europeana-la-tony-hawks-centru-va-fi-creat-un-serviciu-de-terapie-ocupationala\/\" class=\"_self pt-cv-href-thumbnail pt-cv-thumb-default\" target=\"_self\" ><img width=\"2048\" height=\"1365\" src=\"https:\/\/tonyhawkscentru.md\/wp-content\/uploads\/2021\/11\/249296488_10159748175246719_681756122992337935_n.jpg\" class=\"pt-cv-thumbnail\" alt=\"\" loading=\"lazy\" srcset=\"https:\/\/tonyhawkscentru.md\/wp-content\/uploads\/2021\/11\/249296488_10159748175246719_681756122992337935_n.jpg 2048w, https:\/\/tonyhawkscentru.md\/wp-content\/uploads\/2021\/11\/249296488_10159748175246719_681756122992337935_n-300x200.jpg 300w, https:\/\/tonyhawkscentru.md\/wp-content\/uploads\/2021\/11\/249296488_10159748175246719_681756122992337935_n-1024x683.jpg 1024w, https:\/\/tonyhawkscentru.md\/wp-content\/uploads\/2021\/11\/249296488_10159748175246719_681756122992337935_n-768x512.jpg 768w, https:\/\/tonyhawkscentru.md\/wp-content\/uploads\/2021\/11\/249296488_10159748175246719_681756122992337935_n-1536x1024.jpg 1536w, https:\/\/tonyhawkscentru.md\/wp-content\/uploads\/2021\/11\/249296488_10159748175246719_681756122992337935_n-930x620.jpg 930w\" sizes=\"(max-width: 2048px) 100vw, 2048px\" \/><\/a>\n<h4 class=\"pt-cv-title\"><a href=\"https:\/\/tonyhawkscentru.md\/index.php\/2021\/11\/17\/din-resusele-oferite-de-uniunea-europeana-la-tony-hawks-centru-va-fi-creat-un-serviciu-de-terapie-ocupationala\/\" class=\"_self\" target=\"_self\" >Din resusele oferite de Uniunea European\u0103, la Tony Hawks Centru va fi creat un serviciu de terapie ocupa\u021bional\u0103<\/a><\/h4>\n<div class=\"pt-cv-content\">Ocupa\u021biile primordiale ale copiilor \u0219i tinerilor sunt jocul \u0219i studiile. Copiii \u0219i tinerii cu nevoi speciale au nevoie \u00eens\u0103, de ...<br \/><div class=\"pt-cv-rmwrap\"><a href=\"https:\/\/tonyhawkscentru.md\/index.php\/2021\/11\/17\/din-resusele-oferite-de-uniunea-europeana-la-tony-hawks-centru-va-fi-creat-un-serviciu-de-terapie-ocupationala\/\" class=\"_self pt-cv-readmore btn btn-success\" target=\"_self\">Detalii<\/a><\/div><\/div><\/div><\/div>\n<div class=\"col-md-6 col-sm-6 col-xs-12 pt-cv-content-item pt-cv-1-col\" ><div class='pt-cv-ifield'><a href=\"https:\/\/tonyhawkscentru.md\/index.php\/2020\/05\/06\/proiect-implementat-la-tony-hawks-centru-informare-veridica-si-cunostinte-trainice-pentru-o-mai-buna-integrare-a-copiilor-cu-nevoi-speciale\/\" class=\"_self pt-cv-href-thumbnail pt-cv-thumb-default\" target=\"_self\" ><\/a>\n<h4 class=\"pt-cv-title\"><a href=\"https:\/\/tonyhawkscentru.md\/index.php\/2020\/05\/06\/proiect-implementat-la-tony-hawks-centru-informare-veridica-si-cunostinte-trainice-pentru-o-mai-buna-integrare-a-copiilor-cu-nevoi-speciale\/\" class=\"_self\" target=\"_self\" >Deschidere &#8211; Biblioteca Tony Hawks Centru<\/a><\/h4>\n<div class=\"pt-cv-content\">Cu to\u021bii cunoa\u0219tem c\u0103 insuficien\u021ba de informa\u021bie creeaz\u0103 frici \u0219i prejudec\u0103\u021bi. Referitor la faptul dat, Einstein zicea, c\u0103 e mai ...<br \/><div class=\"pt-cv-rmwrap\"><a href=\"https:\/\/tonyhawkscentru.md\/index.php\/2020\/05\/06\/proiect-implementat-la-tony-hawks-centru-informare-veridica-si-cunostinte-trainice-pentru-o-mai-buna-integrare-a-copiilor-cu-nevoi-speciale\/\" class=\"_self pt-cv-readmore btn btn-success\" target=\"_self\">Detalii<\/a><\/div><\/div><\/div><\/div><\/div><\/div>\n<div class=\" pt-cv-pagination-wrapper\"><ul class=\"pt-cv-pagination pt-cv-ajax pagination\" data-totalpages=\"2\" data-currentpage=\"1\" data-sid=\"be7c31cv3s\" data-unid=\"\" data-isblock=\"\" data-postid=\"\"><li class=\"active\"><a href=\"#\">1<\/a><\/li>\n\t<li ><a class=\"\" href=\"https:\/\/tonyhawkscentru.md\/index.php\/wp-json\/wp\/v2\/pages\/279\/?_page=2\">2<\/a><\/li>\n\t<li ><a class=\" \" href=\"https:\/\/tonyhawkscentru.md\/index.php\/wp-json\/wp\/v2\/pages\/279\/?_page=2\">&rsaquo;<\/a><\/li>\n\t<\/ul><img loading=\"lazy\" width=\"15\" height=\"15\" class=\"pt-cv-spinner\" alt=\"\u00cencarc...\" src=\"data:image\/gif;base64,R0lGODlhDwAPALMPAMrKygwMDJOTkz09PZWVla+vr3p6euTk5M7OzuXl5TMzMwAAAJmZmWZmZszMzP\/\/\/yH\/C05FVFNDQVBFMi4wAwEAAAAh+QQFCgAPACwAAAAADwAPAAAEQvDJaZaZOIcV8iQK8VRX4iTYoAwZ4iCYoAjZ4RxejhVNoT+mRGP4cyF4Pp0N98sBGIBMEMOotl6YZ3S61Bmbkm4mAgAh+QQFCgAPACwAAAAADQANAAAENPDJSRSZeA418itN8QiK8BiLITVsFiyBBIoYqnoewAD4xPw9iY4XLGYSjkQR4UAUD45DLwIAIfkEBQoADwAsAAAAAA8ACQAABC\/wyVlamTi3nSdgwFNdhEJgTJoNyoB9ISYoQmdjiZPcj7EYCAeCF1gEDo4Dz2eIAAAh+QQFCgAPACwCAAAADQANAAAEM\/DJBxiYeLKdX3IJZT1FU0iIg2RNKx3OkZVnZ98ToRD4MyiDnkAh6BkNC0MvsAj0kMpHBAAh+QQFCgAPACwGAAAACQAPAAAEMDC59KpFDll73HkAA2wVY5KgiK5b0RRoI6MuzG6EQqCDMlSGheEhUAgqgUUAFRySIgAh+QQFCgAPACwCAAIADQANAAAEM\/DJKZNLND\/kkKaHc3xk+QAMYDKsiaqmZCxGVjSFFCxB1vwy2oOgIDxuucxAMTAJFAJNBAAh+QQFCgAPACwAAAYADwAJAAAEMNAs86q1yaWwwv2Ig0jUZx3OYa4XoRAfwADXoAwfo1+CIjyFRuEho60aSNYlOPxEAAAh+QQFCgAPACwAAAIADQANAAAENPA9s4y8+IUVcqaWJ4qEQozSoAzoIyhCK2NFU2SJk0hNnyEOhKR2AzAAj4Pj4GE4W0bkJQIAOw==\" \/><div class=\"clear pt-cv-clear-pagination\"><\/div><\/div><\/div><\/div>\n\t\t\t\t<\/div>\n\t\t\t\t<\/div>\n\t\t\t\t\t\t<\/div>\n\t\t\t\t\t<\/div>\n\t\t<\/div>\n\t\t\t\t\t\t\t\t<\/div>\n\t\t\t\t\t<\/div>\n\t\t<\/section>\n\t\t\t\t\t\t\t\t\t<\/div>\n\t\t\t<\/div>\n\t\t\t\t\t<\/div>\n\t\t","protected":false},"excerpt":{"rendered":"<p>Evenimente<\/p>\n","protected":false},"author":2,"featured_media":0,"parent":0,"menu_order":0,"comment_status":"closed","ping_status":"closed","template":"elementor_header_footer","meta":{"neve_meta_sidebar":"full-width","neve_meta_container":"full-width","neve_meta_enable_content_width":"on","neve_meta_content_width":100,"neve_meta_title_alignment":"","neve_meta_author_avatar":"","neve_post_elements_order":"","neve_meta_disable_header":"","neve_meta_disable_footer":"","neve_meta_disable_title":""},"_links":{"self":[{"href":"https:\/\/tonyhawkscentru.md\/index.php\/wp-json\/wp\/v2\/pages\/279"}],"collection":[{"href":"https:\/\/tonyhawkscentru.md\/index.php\/wp-json\/wp\/v2\/pages"}],"about":[{"href":"https:\/\/tonyhawkscentru.md\/index.php\/wp-json\/wp\/v2\/types\/page"}],"author":[{"embeddable":true,"href":"https:\/\/tonyhawkscentru.md\/index.php\/wp-json\/wp\/v2\/users\/2"}],"replies":[{"embeddable":true,"href":"https:\/\/tonyhawkscentru.md\/index.php\/wp-json\/wp\/v2\/comments?post=279"}],"version-history":[{"count":26,"href":"https:\/\/tonyhawkscentru.md\/index.php\/wp-json\/wp\/v2\/pages\/279\/revisions"}],"predecessor-version":[{"id":2072,"href":"https:\/\/tonyhawkscentru.md\/index.php\/wp-json\/wp\/v2\/pages\/279\/revisions\/2072"}],"wp:attachment":[{"href":"https:\/\/tonyhawkscentru.md\/index.php\/wp-json\/wp\/v2\/media?parent=279"}],"curies":[{"name":"wp","href":"https:\/\/api.w.org\/{rel}","templated":true}]}}