{"id":544,"date":"2020-02-19T08:05:04","date_gmt":"2020-02-19T08:05:04","guid":{"rendered":"http:\/\/tonyhawkscentru.rts.one\/?page_id=544"},"modified":"2020-04-30T13:36:19","modified_gmt":"2020-04-30T13:36:19","slug":"informatii-dezabilitate-2","status":"publish","type":"page","link":"https:\/\/tonyhawkscentru.md\/index.php\/informatii-dezabilitate-2\/","title":{"rendered":"Informa\u021bii pentru p\u0103rin\u021bi"},"content":{"rendered":"\t\t<div data-elementor-type=\"wp-page\" data-elementor-id=\"544\" class=\"elementor elementor-544\">\n\t\t\t\t\t\t<div class=\"elementor-inner\">\n\t\t\t\t<div class=\"elementor-section-wrap\">\n\t\t\t\t\t\t\t\t\t<section class=\"elementor-section elementor-top-section elementor-element elementor-element-67711b79 elementor-section-boxed elementor-section-height-default elementor-section-height-default\" data-id=\"67711b79\" data-element_type=\"section\" data-settings=\"{&quot;background_background&quot;:&quot;classic&quot;}\">\n\t\t\t\t\t\t\t<div class=\"elementor-background-overlay\"><\/div>\n\t\t\t\t\t\t\t<div class=\"elementor-container elementor-column-gap-default\">\n\t\t\t\t\t\t\t<div class=\"elementor-row\">\n\t\t\t\t\t<div class=\"elementor-column elementor-col-100 elementor-top-column elementor-element elementor-element-70863284\" data-id=\"70863284\" data-element_type=\"column\">\n\t\t\t<div class=\"elementor-column-wrap elementor-element-populated\">\n\t\t\t\t\t\t\t<div class=\"elementor-widget-wrap\">\n\t\t\t\t\t\t<div class=\"elementor-element elementor-element-62ed9936 elementor-invisible elementor-widget elementor-widget-heading\" data-id=\"62ed9936\" data-element_type=\"widget\" data-settings=\"{&quot;_animation&quot;:&quot;fadeInDown&quot;,&quot;_animation_delay&quot;:&quot;300&quot;}\" data-widget_type=\"heading.default\">\n\t\t\t\t<div class=\"elementor-widget-container\">\n\t\t\t<h1 class=\"elementor-heading-title elementor-size-default\">Informa\u021bii utile<\/h1>\t\t<\/div>\n\t\t\t\t<\/div>\n\t\t\t\t\t\t<\/div>\n\t\t\t\t\t<\/div>\n\t\t<\/div>\n\t\t\t\t\t\t\t\t<\/div>\n\t\t\t\t\t<\/div>\n\t\t<\/section>\n\t\t\t\t<section class=\"elementor-section elementor-top-section elementor-element elementor-element-5429a35 elementor-section-boxed elementor-section-height-default elementor-section-height-default\" data-id=\"5429a35\" data-element_type=\"section\">\n\t\t\t\t\t\t<div class=\"elementor-container elementor-column-gap-default\">\n\t\t\t\t\t\t\t<div class=\"elementor-row\">\n\t\t\t\t\t<div class=\"elementor-column elementor-col-100 elementor-top-column elementor-element elementor-element-2b0871e\" data-id=\"2b0871e\" data-element_type=\"column\">\n\t\t\t<div class=\"elementor-column-wrap elementor-element-populated\">\n\t\t\t\t\t\t\t<div class=\"elementor-widget-wrap\">\n\t\t\t\t\t\t<div class=\"elementor-element elementor-element-706f541 elementor-widget elementor-widget-shortcode\" data-id=\"706f541\" data-element_type=\"widget\" data-widget_type=\"shortcode.default\">\n\t\t\t\t<div class=\"elementor-widget-container\">\n\t\t\t\t\t<div class=\"elementor-shortcode\"><div class=\"pt-cv-wrapper\"><div class=\"pt-cv-view pt-cv-grid pt-cv-colsys\" id=\"pt-cv-view-a4400bajtv\"><div data-id=\"pt-cv-page-1\" class=\"pt-cv-page\" data-cvc=\"2\"><div class=\"col-md-6 col-sm-6 col-xs-12 pt-cv-content-item pt-cv-1-col\" ><div class='pt-cv-ifield'><a href=\"https:\/\/tonyhawkscentru.md\/index.php\/2025\/06\/17\/bune-practici-in-terapia-ocupationala-la-copii-implementate-la-centrul-tony-hawks-2\/\" class=\"_self pt-cv-href-thumbnail pt-cv-thumb-default\" target=\"_self\" ><\/a>\n<h4 class=\"pt-cv-title\"><a href=\"https:\/\/tonyhawkscentru.md\/index.php\/2025\/06\/17\/bune-practici-in-terapia-ocupationala-la-copii-implementate-la-centrul-tony-hawks-2\/\" class=\"_self\" target=\"_self\" >Proiect de perfec\u021bionare a cadrelor din reabilitarea pediatric\u0103 &#8211; 8 module implementate<\/a><\/h4>\n<div class=\"pt-cv-content\">\u00cen perioada 12-13 iunie, 2025 la Centrul Tony Hawks a fost implementat cu succes cel de-al 8 lea modul din ...<br \/><div class=\"pt-cv-rmwrap\"><a href=\"https:\/\/tonyhawkscentru.md\/index.php\/2025\/06\/17\/bune-practici-in-terapia-ocupationala-la-copii-implementate-la-centrul-tony-hawks-2\/\" class=\"_self pt-cv-readmore btn btn-success\" target=\"_self\">Cite\u0219te Mai Mult<\/a><\/div><\/div><\/div><\/div>\n<div class=\"col-md-6 col-sm-6 col-xs-12 pt-cv-content-item pt-cv-1-col\" ><div class='pt-cv-ifield'><a href=\"https:\/\/tonyhawkscentru.md\/index.php\/2024\/07\/24\/bune-practici-in-terapia-ocupationala-la-copii-implementate-la-centrul-tony-hawks\/\" class=\"_self pt-cv-href-thumbnail pt-cv-thumb-default\" target=\"_self\" ><\/a>\n<h4 class=\"pt-cv-title\"><a href=\"https:\/\/tonyhawkscentru.md\/index.php\/2024\/07\/24\/bune-practici-in-terapia-ocupationala-la-copii-implementate-la-centrul-tony-hawks\/\" class=\"_self\" target=\"_self\" >Bune practici \u00een Terapia Ocupa\u0163ional\u0103 la copii implementate la centrul Tony Hawks<\/a><\/h4>\n<div class=\"pt-cv-content\">Scopul activit\u0103\u0163ii terapeutului ocupational: Ameliorarea calit\u0103\u021bii vie\u021bii copiliilor prin participarea lor la activit\u0103\u0163ile de zi cu zi, cele educa\u021bionale \u0219i ...<br \/><div class=\"pt-cv-rmwrap\"><a href=\"https:\/\/tonyhawkscentru.md\/index.php\/2024\/07\/24\/bune-practici-in-terapia-ocupationala-la-copii-implementate-la-centrul-tony-hawks\/\" class=\"_self pt-cv-readmore btn btn-success\" target=\"_self\">Cite\u0219te Mai Mult<\/a><\/div><\/div><\/div><\/div>\n<div class=\"col-md-6 col-sm-6 col-xs-12 pt-cv-content-item pt-cv-1-col\" ><div class='pt-cv-ifield'><a href=\"https:\/\/tonyhawkscentru.md\/index.php\/2021\/05\/06\/decubit-ventral-culcat-pe-burta-cum-ajutam-respiratia\/\" class=\"_self pt-cv-href-thumbnail pt-cv-thumb-default\" target=\"_self\" ><\/a>\n<h4 class=\"pt-cv-title\"><a href=\"https:\/\/tonyhawkscentru.md\/index.php\/2021\/05\/06\/decubit-ventral-culcat-pe-burta-cum-ajutam-respiratia\/\" class=\"_self\" target=\"_self\" >Decubit Ventral \/ Culcat pe burt\u0103 &#8211; Cum ajut\u0103m respira\u021bia?<\/a><\/h4>\n<div class=\"pt-cv-content\">Pozi\u021bia culcat \u00a0pe burt\u0103 (sau pozi\u021bia de prona\u021bie) ajut\u0103 respira\u021bia deoarece:deschide p\u0103r\u021bi ale pl\u0103m\u00e2nilor, care se pot contracta mai bine;ajut\u0103 ...<br \/><div class=\"pt-cv-rmwrap\"><a href=\"https:\/\/tonyhawkscentru.md\/index.php\/2021\/05\/06\/decubit-ventral-culcat-pe-burta-cum-ajutam-respiratia\/\" class=\"_self pt-cv-readmore btn btn-success\" target=\"_self\">Cite\u0219te Mai Mult<\/a><\/div><\/div><\/div><\/div>\n<div class=\"col-md-6 col-sm-6 col-xs-12 pt-cv-content-item pt-cv-1-col\" ><div class='pt-cv-ifield'><a href=\"https:\/\/tonyhawkscentru.md\/index.php\/2020\/04\/29\/paralizia-cerebrala-si-covid-19\/\" class=\"_self pt-cv-href-thumbnail pt-cv-thumb-default\" target=\"_self\" ><\/a>\n<h4 class=\"pt-cv-title\"><a href=\"https:\/\/tonyhawkscentru.md\/index.php\/2020\/04\/29\/paralizia-cerebrala-si-covid-19\/\" class=\"_self\" target=\"_self\" >Reguli de comportament \u00een situa\u021bii de crize epidemiologice<\/a><\/h4>\n<div class=\"pt-cv-content\">\u00cen organiza\u021bii comunitarePersoanele f\u0103r\u0103 simptome respiratorii trebuie:S\u0103 evite aglomera\u021biile \u0219i spa\u021biile \u00eenchise;S\u0103 men\u021bin\u0103 distan\u021ba de cel pu\u021bin 2 metri fa\u021b\u0103 ...<br \/><div class=\"pt-cv-rmwrap\"><a href=\"https:\/\/tonyhawkscentru.md\/index.php\/2020\/04\/29\/paralizia-cerebrala-si-covid-19\/\" class=\"_self pt-cv-readmore btn btn-success\" target=\"_self\">Cite\u0219te Mai Mult<\/a><\/div><\/div><\/div><\/div>\n<div class=\"col-md-6 col-sm-6 col-xs-12 pt-cv-content-item pt-cv-1-col\" ><div class='pt-cv-ifield'><a href=\"https:\/\/tonyhawkscentru.md\/index.php\/2020\/04\/29\/ce-facem-in-perioada-de-autoizolare-la-domiciliu-in-perioda-de-pandemie\/\" class=\"_self pt-cv-href-thumbnail pt-cv-thumb-default\" target=\"_self\" ><\/a>\n<h4 class=\"pt-cv-title\"><a href=\"https:\/\/tonyhawkscentru.md\/index.php\/2020\/04\/29\/ce-facem-in-perioada-de-autoizolare-la-domiciliu-in-perioda-de-pandemie\/\" class=\"_self\" target=\"_self\" >Ce facem \u00een perioada de autoizolare la domiciliu \u00een perioda de pandemie?<\/a><\/h4>\n<div class=\"pt-cv-content\">Echipa de speciali\u0219ti de la Tony Hawks Centru sus\u021bine copiii cu nevoi speciale \u0219i familiile lor pe perioada crizei, cauzate ...<br \/><div class=\"pt-cv-rmwrap\"><a href=\"https:\/\/tonyhawkscentru.md\/index.php\/2020\/04\/29\/ce-facem-in-perioada-de-autoizolare-la-domiciliu-in-perioda-de-pandemie\/\" class=\"_self pt-cv-readmore btn btn-success\" target=\"_self\">Cite\u0219te Mai Mult<\/a><\/div><\/div><\/div><\/div><\/div><\/div><\/div><\/div>\n\t\t\t\t<\/div>\n\t\t\t\t<\/div>\n\t\t\t\t\t\t<\/div>\n\t\t\t\t\t<\/div>\n\t\t<\/div>\n\t\t\t\t\t\t\t\t<\/div>\n\t\t\t\t\t<\/div>\n\t\t<\/section>\n\t\t\t\t\t\t\t\t\t<\/div>\n\t\t\t<\/div>\n\t\t\t\t\t<\/div>\n\t\t","protected":false},"excerpt":{"rendered":"<p>Informa\u021bii utile<\/p>\n","protected":false},"author":2,"featured_media":0,"parent":0,"menu_order":0,"comment_status":"closed","ping_status":"closed","template":"elementor_header_footer","meta":{"neve_meta_sidebar":"full-width","neve_meta_container":"full-width","neve_meta_enable_content_width":"on","neve_meta_content_width":100,"neve_meta_title_alignment":"","neve_meta_author_avatar":"","neve_post_elements_order":"","neve_meta_disable_header":"","neve_meta_disable_footer":"","neve_meta_disable_title":""},"_links":{"self":[{"href":"https:\/\/tonyhawkscentru.md\/index.php\/wp-json\/wp\/v2\/pages\/544"}],"collection":[{"href":"https:\/\/tonyhawkscentru.md\/index.php\/wp-json\/wp\/v2\/pages"}],"about":[{"href":"https:\/\/tonyhawkscentru.md\/index.php\/wp-json\/wp\/v2\/types\/page"}],"author":[{"embeddable":true,"href":"https:\/\/tonyhawkscentru.md\/index.php\/wp-json\/wp\/v2\/users\/2"}],"replies":[{"embeddable":true,"href":"https:\/\/tonyhawkscentru.md\/index.php\/wp-json\/wp\/v2\/comments?post=544"}],"version-history":[{"count":25,"href":"https:\/\/tonyhawkscentru.md\/index.php\/wp-json\/wp\/v2\/pages\/544\/revisions"}],"predecessor-version":[{"id":1977,"href":"https:\/\/tonyhawkscentru.md\/index.php\/wp-json\/wp\/v2\/pages\/544\/revisions\/1977"}],"wp:attachment":[{"href":"https:\/\/tonyhawkscentru.md\/index.php\/wp-json\/wp\/v2\/media?parent=544"}],"curies":[{"name":"wp","href":"https:\/\/api.w.org\/{rel}","templated":true}]}}