{"id":584,"date":"2020-02-19T12:36:40","date_gmt":"2020-02-19T12:36:40","guid":{"rendered":"http:\/\/tonyhawkscentru.rts.one\/?page_id=584"},"modified":"2020-04-16T12:47:03","modified_gmt":"2020-04-16T12:47:03","slug":"traininguri","status":"publish","type":"page","link":"https:\/\/tonyhawkscentru.md\/index.php\/traininguri\/","title":{"rendered":"Traininguri"},"content":{"rendered":"\t\t<div data-elementor-type=\"wp-page\" data-elementor-id=\"584\" class=\"elementor elementor-584\">\n\t\t\t\t\t\t<div class=\"elementor-inner\">\n\t\t\t\t<div class=\"elementor-section-wrap\">\n\t\t\t\t\t\t\t\t\t<section class=\"elementor-section elementor-top-section elementor-element elementor-element-c2e09d9 elementor-section-full_width elementor-section-height-default elementor-section-height-default\" data-id=\"c2e09d9\" data-element_type=\"section\">\n\t\t\t\t\t\t<div class=\"elementor-container elementor-column-gap-default\">\n\t\t\t\t\t\t\t<div class=\"elementor-row\">\n\t\t\t\t\t<div class=\"elementor-column elementor-col-100 elementor-top-column elementor-element elementor-element-bde2895\" data-id=\"bde2895\" data-element_type=\"column\">\n\t\t\t<div class=\"elementor-column-wrap elementor-element-populated\">\n\t\t\t\t\t\t\t<div class=\"elementor-widget-wrap\">\n\t\t\t\t\t\t<div class=\"elementor-element elementor-element-d18f435 elementor-widget elementor-widget-shortcode\" data-id=\"d18f435\" data-element_type=\"widget\" data-widget_type=\"shortcode.default\">\n\t\t\t\t<div class=\"elementor-widget-container\">\n\t\t\t\t\t<div class=\"elementor-shortcode\"><\/div>\n\t\t\t\t<\/div>\n\t\t\t\t<\/div>\n\t\t\t\t\t\t<\/div>\n\t\t\t\t\t<\/div>\n\t\t<\/div>\n\t\t\t\t\t\t\t\t<\/div>\n\t\t\t\t\t<\/div>\n\t\t<\/section>\n\t\t\t\t<section class=\"elementor-section elementor-top-section elementor-element elementor-element-12c87110 elementor-section-boxed elementor-section-height-default elementor-section-height-default\" data-id=\"12c87110\" data-element_type=\"section\" data-settings=\"{&quot;background_background&quot;:&quot;classic&quot;}\">\n\t\t\t\t\t\t\t<div class=\"elementor-background-overlay\"><\/div>\n\t\t\t\t\t\t\t<div class=\"elementor-container elementor-column-gap-default\">\n\t\t\t\t\t\t\t<div class=\"elementor-row\">\n\t\t\t\t\t<div class=\"elementor-column elementor-col-100 elementor-top-column elementor-element elementor-element-1330ce54\" data-id=\"1330ce54\" data-element_type=\"column\">\n\t\t\t<div class=\"elementor-column-wrap elementor-element-populated\">\n\t\t\t\t\t\t\t<div class=\"elementor-widget-wrap\">\n\t\t\t\t\t\t<div class=\"elementor-element elementor-element-42723a97 elementor-invisible elementor-widget elementor-widget-heading\" data-id=\"42723a97\" data-element_type=\"widget\" data-settings=\"{&quot;_animation&quot;:&quot;fadeInDown&quot;,&quot;_animation_delay&quot;:&quot;300&quot;}\" data-widget_type=\"heading.default\">\n\t\t\t\t<div class=\"elementor-widget-container\">\n\t\t\t<h1 class=\"elementor-heading-title elementor-size-default\">Traininguri<\/h1>\t\t<\/div>\n\t\t\t\t<\/div>\n\t\t\t\t<div class=\"elementor-element elementor-element-77f61dc9 elementor-widget elementor-widget-text-editor\" data-id=\"77f61dc9\" data-element_type=\"widget\" data-widget_type=\"text-editor.default\">\n\t\t\t\t<div class=\"elementor-widget-container\">\n\t\t\t\t\t\t\t\t<div class=\"elementor-text-editor elementor-clearfix\">\n\t\t\t\t<p>\u00cenv\u0103\u021b\u0103m continuu pentru a fi cei mai buni!<\/p>\t\t\t\t\t<\/div>\n\t\t\t\t\t\t<\/div>\n\t\t\t\t<\/div>\n\t\t\t\t\t\t<\/div>\n\t\t\t\t\t<\/div>\n\t\t<\/div>\n\t\t\t\t\t\t\t\t<\/div>\n\t\t\t\t\t<\/div>\n\t\t<\/section>\n\t\t\t\t<section class=\"elementor-section elementor-top-section elementor-element elementor-element-69ee39e1 elementor-section-boxed elementor-section-height-default elementor-section-height-default\" data-id=\"69ee39e1\" data-element_type=\"section\" data-settings=\"{&quot;background_background&quot;:&quot;classic&quot;}\">\n\t\t\t\t\t\t<div class=\"elementor-container elementor-column-gap-default\">\n\t\t\t\t\t\t\t<div class=\"elementor-row\">\n\t\t\t\t\t<div class=\"elementor-column elementor-col-50 elementor-top-column elementor-element elementor-element-14a18b98 elementor-invisible\" data-id=\"14a18b98\" data-element_type=\"column\" data-settings=\"{&quot;animation&quot;:&quot;fadeInLeft&quot;}\">\n\t\t\t<div class=\"elementor-column-wrap elementor-element-populated\">\n\t\t\t\t\t\t\t<div class=\"elementor-widget-wrap\">\n\t\t\t\t\t\t<div class=\"elementor-element elementor-element-661f9998 elementor-widget elementor-widget-text-editor\" data-id=\"661f9998\" data-element_type=\"widget\" data-widget_type=\"text-editor.default\">\n\t\t\t\t<div class=\"elementor-widget-container\">\n\t\t\t\t\t\t\t\t<div class=\"elementor-text-editor elementor-clearfix\">\n\t\t\t\t<p>Regulat organiz\u0103m traininguri cu exper\u021bi din domeniu at\u00e2t din \u021bara noastr\u0103, c\u00e2t \u0219i de peste hotare. Sunt invita\u021bi s\u0103 participe nu doar speciali\u0219tii din cadrul Tony Hawks Centru, dar \u0219i medici din alte institu\u021bii, cu scopul de perfec\u021bionare, schimb de cuno\u0219tin\u021be \u0219i deprindere de noi abilit\u0103\u021bi profesionale.\u00a0\u00a0<\/p>\t\t\t\t\t<\/div>\n\t\t\t\t\t\t<\/div>\n\t\t\t\t<\/div>\n\t\t\t\t\t\t<\/div>\n\t\t\t\t\t<\/div>\n\t\t<\/div>\n\t\t\t\t<div class=\"elementor-column elementor-col-50 elementor-top-column elementor-element elementor-element-ad20cbc elementor-invisible\" data-id=\"ad20cbc\" data-element_type=\"column\" data-settings=\"{&quot;animation&quot;:&quot;fadeInRight&quot;}\">\n\t\t\t<div class=\"elementor-column-wrap elementor-element-populated\">\n\t\t\t\t\t\t\t<div class=\"elementor-widget-wrap\">\n\t\t\t\t\t\t<div class=\"elementor-element elementor-element-7d2b8742 elementor-aspect-ratio-219 elementor-widget elementor-widget-video\" data-id=\"7d2b8742\" data-element_type=\"widget\" data-settings=\"{&quot;youtube_url&quot;:&quot;https:\\\/\\\/www.youtube.com\\\/watch?v=bmuZZYkbgzs&quot;,&quot;show_image_overlay&quot;:&quot;yes&quot;,&quot;image_overlay&quot;:{&quot;url&quot;:&quot;https:\\\/\\\/tonyhawkscentru.md\\\/wp-content\\\/uploads\\\/2020\\\/03\\\/traininguri-min-scaled.jpg&quot;,&quot;id&quot;:986},&quot;lightbox&quot;:&quot;yes&quot;,&quot;aspect_ratio&quot;:&quot;219&quot;,&quot;video_type&quot;:&quot;youtube&quot;,&quot;controls&quot;:&quot;yes&quot;}\" data-widget_type=\"video.default\">\n\t\t\t\t<div class=\"elementor-widget-container\">\n\t\t\t\t\t<div class=\"elementor-wrapper elementor-open-lightbox\">\n\t\t\t\t\t\t\t<div class=\"elementor-custom-embed-image-overlay\" data-elementor-open-lightbox=\"yes\" data-elementor-lightbox=\"{&quot;type&quot;:&quot;video&quot;,&quot;videoType&quot;:&quot;youtube&quot;,&quot;url&quot;:&quot;https:\\\/\\\/www.youtube.com\\\/embed\\\/bmuZZYkbgzs?feature=oembed&amp;start&amp;end&amp;wmode=opaque&amp;loop=0&amp;controls=1&amp;mute=0&amp;rel=0&amp;modestbranding=0&quot;,&quot;modalOptions&quot;:{&quot;id&quot;:&quot;elementor-lightbox-7d2b8742&quot;,&quot;entranceAnimation&quot;:&quot;&quot;,&quot;entranceAnimation_tablet&quot;:&quot;&quot;,&quot;entranceAnimation_mobile&quot;:&quot;&quot;,&quot;videoAspectRatio&quot;:&quot;219&quot;}}\" e-action-hash=\"#elementor-action%3Aaction%3Dlightbox%26settings%3DeyJ0eXBlIjoidmlkZW8iLCJ2aWRlb1R5cGUiOiJ5b3V0dWJlIiwidXJsIjoiaHR0cHM6XC9cL3d3dy55b3V0dWJlLmNvbVwvZW1iZWRcL2JtdVpaWWtiZ3pzP2ZlYXR1cmU9b2VtYmVkJnN0YXJ0JmVuZCZ3bW9kZT1vcGFxdWUmbG9vcD0wJmNvbnRyb2xzPTEmbXV0ZT0wJnJlbD0wJm1vZGVzdGJyYW5kaW5nPTAiLCJtb2RhbE9wdGlvbnMiOnsiaWQiOiJlbGVtZW50b3ItbGlnaHRib3gtN2QyYjg3NDIiLCJlbnRyYW5jZUFuaW1hdGlvbiI6IiIsImVudHJhbmNlQW5pbWF0aW9uX3RhYmxldCI6IiIsImVudHJhbmNlQW5pbWF0aW9uX21vYmlsZSI6IiIsInZpZGVvQXNwZWN0UmF0aW8iOiIyMTkifX0%3D\">\n\t\t\t\t\t\t\t\t\t\t\t<img width=\"2560\" height=\"1714\" src=\"https:\/\/tonyhawkscentru.md\/wp-content\/uploads\/2020\/03\/traininguri-min-scaled.jpg\" class=\"attachment-full size-full wp-image-986\" alt=\"\" loading=\"lazy\" srcset=\"https:\/\/tonyhawkscentru.md\/wp-content\/uploads\/2020\/03\/traininguri-min-scaled.jpg 2560w, https:\/\/tonyhawkscentru.md\/wp-content\/uploads\/2020\/03\/traininguri-min-300x201.jpg 300w, https:\/\/tonyhawkscentru.md\/wp-content\/uploads\/2020\/03\/traininguri-min-1024x685.jpg 1024w, https:\/\/tonyhawkscentru.md\/wp-content\/uploads\/2020\/03\/traininguri-min-768x514.jpg 768w, https:\/\/tonyhawkscentru.md\/wp-content\/uploads\/2020\/03\/traininguri-min-1536x1028.jpg 1536w, https:\/\/tonyhawkscentru.md\/wp-content\/uploads\/2020\/03\/traininguri-min-2048x1371.jpg 2048w\" sizes=\"(max-width: 2560px) 100vw, 2560px\" \/>\t\t\t\t\t\t\t\t\t\t\t\t\t\t\t\t<div class=\"elementor-custom-embed-play\" role=\"button\" aria-label=\"Ruleaz\u0103 videoul\" tabindex=\"0\">\n\t\t\t\t\t\t\t<i aria-hidden=\"true\" class=\"eicon-play\"><\/i>\t\t\t\t\t\t\t<span class=\"elementor-screen-only\">Ruleaz\u0103 videoul<\/span>\n\t\t\t\t\t\t<\/div>\n\t\t\t\t\t\t\t\t\t<\/div>\n\t\t\t\t\t<\/div>\n\t\t\t\t<\/div>\n\t\t\t\t<\/div>\n\t\t\t\t\t\t<\/div>\n\t\t\t\t\t<\/div>\n\t\t<\/div>\n\t\t\t\t\t\t\t\t<\/div>\n\t\t\t\t\t<\/div>\n\t\t<\/section>\n\t\t\t\t<section class=\"elementor-section elementor-top-section elementor-element elementor-element-6b96fe4 elementor-section-boxed elementor-section-height-default elementor-section-height-default\" data-id=\"6b96fe4\" data-element_type=\"section\" data-settings=\"{&quot;background_background&quot;:&quot;classic&quot;}\">\n\t\t\t\t\t\t<div class=\"elementor-container elementor-column-gap-default\">\n\t\t\t\t\t\t\t<div class=\"elementor-row\">\n\t\t\t\t\t<div class=\"elementor-column elementor-col-100 elementor-top-column elementor-element elementor-element-54d36a0 elementor-invisible\" data-id=\"54d36a0\" data-element_type=\"column\" data-settings=\"{&quot;animation&quot;:&quot;fadeInRight&quot;}\">\n\t\t\t<div class=\"elementor-column-wrap elementor-element-populated\">\n\t\t\t\t\t\t\t<div class=\"elementor-widget-wrap\">\n\t\t\t\t\t\t<div class=\"elementor-element elementor-element-fb74807 elementor-widget elementor-widget-image\" data-id=\"fb74807\" data-element_type=\"widget\" data-widget_type=\"image.default\">\n\t\t\t\t<div class=\"elementor-widget-container\">\n\t\t\t\t\t\t\t\t<div class=\"elementor-image\">\n\t\t\t\t\t\t\t\t\t\t\t\t<img width=\"960\" height=\"720\" src=\"https:\/\/tonyhawkscentru.md\/wp-content\/uploads\/2020\/04\/proiect-nou-la-thc.jpg\" class=\"attachment-full size-full wp-image-1640\" alt=\"\" loading=\"lazy\" srcset=\"https:\/\/tonyhawkscentru.md\/wp-content\/uploads\/2020\/04\/proiect-nou-la-thc.jpg 960w, https:\/\/tonyhawkscentru.md\/wp-content\/uploads\/2020\/04\/proiect-nou-la-thc-300x225.jpg 300w, https:\/\/tonyhawkscentru.md\/wp-content\/uploads\/2020\/04\/proiect-nou-la-thc-768x576.jpg 768w\" sizes=\"(max-width: 960px) 100vw, 960px\" \/>\t\t\t\t\t\t\t\t\t\t\t\t\t\t<\/div>\n\t\t\t\t\t\t<\/div>\n\t\t\t\t<\/div>\n\t\t\t\t<div class=\"elementor-element elementor-element-ccf1e2c elementor-widget elementor-widget-heading\" data-id=\"ccf1e2c\" data-element_type=\"widget\" data-widget_type=\"heading.default\">\n\t\t\t\t<div class=\"elementor-widget-container\">\n\t\t\t<h2 class=\"elementor-heading-title elementor-size-default\">Proiect nou la Tony Hawks Centru!<\/h2>\t\t<\/div>\n\t\t\t\t<\/div>\n\t\t\t\t<div class=\"elementor-element elementor-element-7b5cd3c elementor-widget elementor-widget-text-editor\" data-id=\"7b5cd3c\" data-element_type=\"widget\" data-widget_type=\"text-editor.default\">\n\t\t\t\t<div class=\"elementor-widget-container\">\n\t\t\t\t\t\t\t\t<div class=\"elementor-text-editor elementor-clearfix\">\n\t\t\t\t<p>\u201eAmeliorarea calit\u0103\u0163ii vie\u0163ii copiilor cu nevoi speciale prin facilitarea accesului la servicii comunitare de terapie ocupa\u021bional\u0103 \u00een Republica Moldova\u201d un proiect de 2,5 ani a demarat s\u0103pt\u0103m\u00eena aceasta cu sus\u021binerea Federa\u021biei Mondiale a Terapeu\u0163ilor Ocupa\u0163ionali, COPM, Child Aid \u0219i Cluburi Rotary din UK, Olanda \u015fi Germania.<br \/>Echipa Tony Hawks Centru \u00eempreun\u0103 cu al\u021bi colegi, speciali\u0219ti din domeniul reabilit\u0103rii pediatrice \u015fi psihopedagogiei au participat \u00een perioada 26-28 septembrie la un Training de Introducere \u00een Terapia Ocupa\u021bional\u0103, parte component\u0103 a Proiectului \u201cAmeliorarea calita\u0163ii vie\u0163ii copiilor cu nevoi speciale prin facilitarea accesului la servicii comunitare de terapie ocupationala \u00een Republica Moldova\u201d La Conferin\u021ba Interna\u021bional\u0103 cu genericul \u201eViitorul este ast\u0103zi\u201d, ce s-a desf\u0103\u015furat la 27 septembrie au fost discutate mai multe aspecte ale dezvolt\u0103rii profesiei de terapeut ocupa\u0163ional interconectat\u0103 global.<br \/>Protagono\u015ftii trainingului, Samantha Shann, vice-pre\u015fedinte finan\u021be a Federa\u0163iei Mondiale a Terapeu\u0163ilor Ocupa\u0163ionali \u0219i Prof. Sue Baptiste, McMaster University, Canada, co-autor COPM au \u00eemp\u0103rt\u0103\u015fit din vasta lor experien\u0163\u0103 speciali\u015ftilor din medii academice de la noi din- Universitatea pedagogic\u0103 de Stat \u201eIon Creang\u0103\u201d \u0219i Universitatea de Stat de Educa\u021bie fizic\u0103 \u0219i Sport\u201d.<br \/>Gra\u021bie sus\u021binerii din partea Ministerului S\u0103n\u0103t\u0103\u021bii, Muncii \u0219i Protec\u021biei Sociale, mai mul\u021bi speciali\u0219ti \u00een domeniul dizabilit\u0103\u021bi \u015fi reabilit\u0103rii pediatrice au discutat despre fortificarea reabilit\u0103rii \u0219i integr\u0103rii sociale a persoanelor cu nevoi speciale prin intermediul Terapiei Ocupa\u021bionale. Ace\u015ftea de r\u00e2nd cu al\u0163i speciali\u0219ti din diferite ONG ale \u021b\u0103rii au luat cu ei idei \u015fi abilit\u0103\u0163i despre:<br \/>\u2013 Ce este Reabilitarea \u015fi Terapia Ocupa\u021bional\u0103 centrat\u0103 pe pacient ( OMS);<br \/>\u2013 Examinarea Performan\u0163ei prin prisma modelului interac\u0163iunei dintre Persoana- Mediu- Ocupa\u021bie;<br \/>\u2013 Determinarea eficien\u021bei Performan\u021bei Ocupa\u0163ionale cu ajutorul testului COPM s.a.<br \/>Proiectul va continua cu alte module teoretico-practice menite s\u0103 amelioreze calitatea vie\u021bii copiilor cu nevoi speciale.<br \/>Proiectul este implementat de Tony Hawks Centru, Rotary Chi\u0219in\u0103u Cosmopolitan cu acordul Ministerului S\u0103n\u0103t\u0103\u021bii, Muncii \u0219i Protec\u021biei Sociale.<\/p>\t\t\t\t\t<\/div>\n\t\t\t\t\t\t<\/div>\n\t\t\t\t<\/div>\n\t\t\t\t\t\t<\/div>\n\t\t\t\t\t<\/div>\n\t\t<\/div>\n\t\t\t\t\t\t\t\t<\/div>\n\t\t\t\t\t<\/div>\n\t\t<\/section>\n\t\t\t\t<section class=\"elementor-section elementor-top-section elementor-element elementor-element-4121f48 elementor-section-full_width elementor-section-height-default elementor-section-height-default\" data-id=\"4121f48\" data-element_type=\"section\">\n\t\t\t\t\t\t<div class=\"elementor-container elementor-column-gap-default\">\n\t\t\t\t\t\t\t<div class=\"elementor-row\">\n\t\t\t\t\t<div class=\"elementor-column elementor-col-100 elementor-top-column elementor-element elementor-element-b50349c\" data-id=\"b50349c\" data-element_type=\"column\">\n\t\t\t<div class=\"elementor-column-wrap elementor-element-populated\">\n\t\t\t\t\t\t\t<div class=\"elementor-widget-wrap\">\n\t\t\t\t\t\t<div class=\"elementor-element elementor-element-d91c245 elementor-widget elementor-widget-shortcode\" data-id=\"d91c245\" data-element_type=\"widget\" data-widget_type=\"shortcode.default\">\n\t\t\t\t<div class=\"elementor-widget-container\">\n\t\t\t\t\t<div class=\"elementor-shortcode\"><\/div>\n\t\t\t\t<\/div>\n\t\t\t\t<\/div>\n\t\t\t\t\t\t<\/div>\n\t\t\t\t\t<\/div>\n\t\t<\/div>\n\t\t\t\t\t\t\t\t<\/div>\n\t\t\t\t\t<\/div>\n\t\t<\/section>\n\t\t\t\t\t\t\t\t\t<\/div>\n\t\t\t<\/div>\n\t\t\t\t\t<\/div>\n\t\t","protected":false},"excerpt":{"rendered":"<p>Traininguri \u00cenv\u0103\u021b\u0103m continuu pentru a fi cei mai buni! Regulat organiz\u0103m traininguri cu exper\u021bi din domeniu at\u00e2t din \u021bara noastr\u0103, c\u00e2t \u0219i de peste hotare. Sunt invita\u021bi s\u0103 participe nu doar speciali\u0219tii din cadrul Tony Hawks Centru, dar \u0219i medici din alte institu\u021bii, cu scopul de perfec\u021bionare, schimb de cuno\u0219tin\u021be \u0219i deprindere de noi abilit\u0103\u021bi&hellip;&nbsp;<a href=\"https:\/\/tonyhawkscentru.md\/index.php\/traininguri\/\" rel=\"bookmark\">Cite\u0219te mai mult &raquo;<span class=\"screen-reader-text\">Traininguri<\/span><\/a><\/p>\n","protected":false},"author":2,"featured_media":0,"parent":0,"menu_order":0,"comment_status":"closed","ping_status":"closed","template":"elementor_header_footer","meta":{"neve_meta_sidebar":"full-width","neve_meta_container":"full-width","neve_meta_enable_content_width":"on","neve_meta_content_width":100,"neve_meta_title_alignment":"","neve_meta_author_avatar":"","neve_post_elements_order":"","neve_meta_disable_header":"","neve_meta_disable_footer":"","neve_meta_disable_title":""},"_links":{"self":[{"href":"https:\/\/tonyhawkscentru.md\/index.php\/wp-json\/wp\/v2\/pages\/584"}],"collection":[{"href":"https:\/\/tonyhawkscentru.md\/index.php\/wp-json\/wp\/v2\/pages"}],"about":[{"href":"https:\/\/tonyhawkscentru.md\/index.php\/wp-json\/wp\/v2\/types\/page"}],"author":[{"embeddable":true,"href":"https:\/\/tonyhawkscentru.md\/index.php\/wp-json\/wp\/v2\/users\/2"}],"replies":[{"embeddable":true,"href":"https:\/\/tonyhawkscentru.md\/index.php\/wp-json\/wp\/v2\/comments?post=584"}],"version-history":[{"count":22,"href":"https:\/\/tonyhawkscentru.md\/index.php\/wp-json\/wp\/v2\/pages\/584\/revisions"}],"predecessor-version":[{"id":1725,"href":"https:\/\/tonyhawkscentru.md\/index.php\/wp-json\/wp\/v2\/pages\/584\/revisions\/1725"}],"wp:attachment":[{"href":"https:\/\/tonyhawkscentru.md\/index.php\/wp-json\/wp\/v2\/media?parent=584"}],"curies":[{"name":"wp","href":"https:\/\/api.w.org\/{rel}","templated":true}]}}