{"id":804,"date":"2020-02-27T09:26:35","date_gmt":"2020-02-27T09:26:35","guid":{"rendered":"http:\/\/tonyhawkscentru.rts.one\/?page_id=804"},"modified":"2020-04-17T10:52:34","modified_gmt":"2020-04-17T10:52:34","slug":"colecteaza-fonduri-cu-noi","status":"publish","type":"page","link":"https:\/\/tonyhawkscentru.md\/index.php\/colecteaza-fonduri-cu-noi\/","title":{"rendered":"Colecteaz\u0103 fonduri cu noi"},"content":{"rendered":"\t\t<div data-elementor-type=\"wp-page\" data-elementor-id=\"804\" class=\"elementor elementor-804\">\n\t\t\t\t\t\t<div class=\"elementor-inner\">\n\t\t\t\t<div class=\"elementor-section-wrap\">\n\t\t\t\t\t\t\t\t\t<section class=\"elementor-section elementor-top-section elementor-element elementor-element-7ffdd4be elementor-section-items-top elementor-section-height-min-height elementor-section-boxed elementor-section-height-default\" data-id=\"7ffdd4be\" data-element_type=\"section\" data-settings=\"{&quot;background_background&quot;:&quot;classic&quot;}\">\n\t\t\t\t\t\t\t<div class=\"elementor-background-overlay\"><\/div>\n\t\t\t\t\t\t\t<div class=\"elementor-container elementor-column-gap-default\">\n\t\t\t\t\t\t\t<div class=\"elementor-row\">\n\t\t\t\t\t<div class=\"elementor-column elementor-col-100 elementor-top-column elementor-element elementor-element-99196a6\" data-id=\"99196a6\" data-element_type=\"column\">\n\t\t\t<div class=\"elementor-column-wrap elementor-element-populated\">\n\t\t\t\t\t\t\t<div class=\"elementor-widget-wrap\">\n\t\t\t\t\t\t<div class=\"elementor-element elementor-element-57c40c19 elementor-invisible elementor-widget elementor-widget-heading\" data-id=\"57c40c19\" data-element_type=\"widget\" data-settings=\"{&quot;_animation&quot;:&quot;fadeInDown&quot;,&quot;_animation_delay&quot;:&quot;300&quot;}\" data-widget_type=\"heading.default\">\n\t\t\t\t<div class=\"elementor-widget-container\">\n\t\t\t<h1 class=\"elementor-heading-title elementor-size-default\">Colecteaz\u0103 fonduri cu noi<\/h1>\t\t<\/div>\n\t\t\t\t<\/div>\n\t\t\t\t<div class=\"elementor-element elementor-element-6b7493c9 elementor-widget elementor-widget-heading\" data-id=\"6b7493c9\" data-element_type=\"widget\" data-widget_type=\"heading.default\">\n\t\t\t\t<div class=\"elementor-widget-container\">\n\t\t\t<h2 class=\"elementor-heading-title elementor-size-default\">Fii Activ<br>\nDoneaz\u0103 ziua ta<br>\nAl\u0103tur\u0103-te unui eveniment<br>\nParticip\u0103 la tombol\u0103\n<\/h2>\t\t<\/div>\n\t\t\t\t<\/div>\n\t\t\t\t\t\t<\/div>\n\t\t\t\t\t<\/div>\n\t\t<\/div>\n\t\t\t\t\t\t\t\t<\/div>\n\t\t\t\t\t<\/div>\n\t\t<\/section>\n\t\t\t\t<section class=\"elementor-section elementor-top-section elementor-element elementor-element-f888e06 elementor-section-boxed elementor-section-height-default elementor-section-height-default\" data-id=\"f888e06\" data-element_type=\"section\" data-settings=\"{&quot;background_background&quot;:&quot;classic&quot;}\">\n\t\t\t\t\t\t<div class=\"elementor-container elementor-column-gap-default\">\n\t\t\t\t\t\t\t<div class=\"elementor-row\">\n\t\t\t\t\t<div class=\"elementor-column elementor-col-100 elementor-top-column elementor-element elementor-element-597744ad\" data-id=\"597744ad\" data-element_type=\"column\">\n\t\t\t<div class=\"elementor-column-wrap elementor-element-populated\">\n\t\t\t\t\t\t\t<div class=\"elementor-widget-wrap\">\n\t\t\t\t\t\t<div class=\"elementor-element elementor-element-7cf06791 elementor-widget elementor-widget-heading\" data-id=\"7cf06791\" data-element_type=\"widget\" data-widget_type=\"heading.default\">\n\t\t\t\t<div class=\"elementor-widget-container\">\n\t\t\t<h2 class=\"elementor-heading-title elementor-size-default\">Implic\u0103-te \u00een colectarea de fonduri<\/h2>\t\t<\/div>\n\t\t\t\t<\/div>\n\t\t\t\t<div class=\"elementor-element elementor-element-62c9343b elementor-widget elementor-widget-text-editor\" data-id=\"62c9343b\" data-element_type=\"widget\" data-widget_type=\"text-editor.default\">\n\t\t\t\t<div class=\"elementor-widget-container\">\n\t\t\t\t\t\t\t\t<div class=\"elementor-text-editor elementor-clearfix\">\n\t\t\t\t<p>Echipa\u00a0 Tony Hawks Centru are ferma convingere c\u0103 fiecare copil cu Paralizie Cerebral\u0103 sau alte deregl\u0103ri de dezvoltare trebuie s\u0103 tr\u0103iasc\u0103 o via\u021b\u0103 confortabil\u0103, lipsit\u0103 de durere \u0219i c\u00e2t mai incluziv\u0103. Din acest motiv, te invit\u0103m s\u0103 ne aju\u021bi la colectarea de fonduri.<\/p>\t\t\t\t\t<\/div>\n\t\t\t\t\t\t<\/div>\n\t\t\t\t<\/div>\n\t\t\t\t\t\t<\/div>\n\t\t\t\t\t<\/div>\n\t\t<\/div>\n\t\t\t\t\t\t\t\t<\/div>\n\t\t\t\t\t<\/div>\n\t\t<\/section>\n\t\t\t\t<section class=\"elementor-section elementor-top-section elementor-element elementor-element-b65ec99 elementor-section-boxed elementor-section-height-default elementor-section-height-default\" data-id=\"b65ec99\" data-element_type=\"section\" data-settings=\"{&quot;background_background&quot;:&quot;classic&quot;}\">\n\t\t\t\t\t\t<div class=\"elementor-container elementor-column-gap-default\">\n\t\t\t\t\t\t\t<div class=\"elementor-row\">\n\t\t\t\t\t<div class=\"elementor-column elementor-col-50 elementor-top-column elementor-element elementor-element-4471f5c elementor-invisible\" data-id=\"4471f5c\" data-element_type=\"column\" data-settings=\"{&quot;animation&quot;:&quot;fadeInLeft&quot;}\">\n\t\t\t<div class=\"elementor-column-wrap elementor-element-populated\">\n\t\t\t\t\t\t\t<div class=\"elementor-widget-wrap\">\n\t\t\t\t\t\t<div class=\"elementor-element elementor-element-5b3599b elementor-widget elementor-widget-image\" data-id=\"5b3599b\" data-element_type=\"widget\" data-widget_type=\"image.default\">\n\t\t\t\t<div class=\"elementor-widget-container\">\n\t\t\t\t\t\t\t\t<div class=\"elementor-image\">\n\t\t\t\t\t\t\t\t\t\t\t\t<img width=\"2048\" height=\"1360\" src=\"https:\/\/tonyhawkscentru.md\/wp-content\/uploads\/2020\/04\/fiia-activ-1.jpg\" class=\"attachment-full size-full wp-image-1717\" alt=\"\" loading=\"lazy\" srcset=\"https:\/\/tonyhawkscentru.md\/wp-content\/uploads\/2020\/04\/fiia-activ-1.jpg 2048w, https:\/\/tonyhawkscentru.md\/wp-content\/uploads\/2020\/04\/fiia-activ-1-300x199.jpg 300w, https:\/\/tonyhawkscentru.md\/wp-content\/uploads\/2020\/04\/fiia-activ-1-1024x680.jpg 1024w, https:\/\/tonyhawkscentru.md\/wp-content\/uploads\/2020\/04\/fiia-activ-1-768x510.jpg 768w, https:\/\/tonyhawkscentru.md\/wp-content\/uploads\/2020\/04\/fiia-activ-1-1536x1020.jpg 1536w\" sizes=\"(max-width: 2048px) 100vw, 2048px\" \/>\t\t\t\t\t\t\t\t\t\t\t\t\t\t<\/div>\n\t\t\t\t\t\t<\/div>\n\t\t\t\t<\/div>\n\t\t\t\t\t\t<\/div>\n\t\t\t\t\t<\/div>\n\t\t<\/div>\n\t\t\t\t<div class=\"elementor-column elementor-col-50 elementor-top-column elementor-element elementor-element-f6763f9 elementor-invisible\" data-id=\"f6763f9\" data-element_type=\"column\" data-settings=\"{&quot;animation&quot;:&quot;fadeInRight&quot;}\">\n\t\t\t<div class=\"elementor-column-wrap elementor-element-populated\">\n\t\t\t\t\t\t\t<div class=\"elementor-widget-wrap\">\n\t\t\t\t\t\t<div class=\"elementor-element elementor-element-781d5b9 elementor-widget elementor-widget-heading\" data-id=\"781d5b9\" data-element_type=\"widget\" data-widget_type=\"heading.default\">\n\t\t\t\t<div class=\"elementor-widget-container\">\n\t\t\t<h2 class=\"elementor-heading-title elementor-size-default\">Fii activ!\u200b<\/h2>\t\t<\/div>\n\t\t\t\t<\/div>\n\t\t\t\t<div class=\"elementor-element elementor-element-a86094b elementor-widget elementor-widget-text-editor\" data-id=\"a86094b\" data-element_type=\"widget\" data-widget_type=\"text-editor.default\">\n\t\t\t\t<div class=\"elementor-widget-container\">\n\t\t\t\t\t\t\t\t<div class=\"elementor-text-editor elementor-clearfix\">\n\t\t\t\t<p>Te-ai g\u00e2ndit vreodat\u0103 c\u0103 modul s\u0103n\u0103tos de via\u021b\u0103 se \u00eembin\u0103 armonios cu salvarea unor vie\u021bi?<\/p><p>Alearg\u0103 (sau mergi pe jos) pentru Tony Hawks Centru. Invit\u0103 prietenii \u0219i rudele s\u0103 te sus\u021bin\u0103. \u00cempreun\u0103 putem crea un eveniment pe pagina de facebook. Astfel am putea contribui la colectarea de fonduri. Centrul poate asigura tricouri cu logo \u0219i b\u0103uturi r\u0103coritoare \u00een ziua evenimentului.<\/p><p><em>\u00a0<\/em><\/p>\t\t\t\t\t<\/div>\n\t\t\t\t\t\t<\/div>\n\t\t\t\t<\/div>\n\t\t\t\t\t\t<\/div>\n\t\t\t\t\t<\/div>\n\t\t<\/div>\n\t\t\t\t\t\t\t\t<\/div>\n\t\t\t\t\t<\/div>\n\t\t<\/section>\n\t\t\t\t<section class=\"elementor-section elementor-top-section elementor-element elementor-element-571bfbf elementor-section-boxed elementor-section-height-default elementor-section-height-default\" data-id=\"571bfbf\" data-element_type=\"section\" data-settings=\"{&quot;background_background&quot;:&quot;classic&quot;}\">\n\t\t\t\t\t\t<div class=\"elementor-container elementor-column-gap-default\">\n\t\t\t\t\t\t\t<div class=\"elementor-row\">\n\t\t\t\t\t<div class=\"elementor-column elementor-col-100 elementor-top-column elementor-element elementor-element-fbfd6c4\" data-id=\"fbfd6c4\" data-element_type=\"column\">\n\t\t\t<div class=\"elementor-column-wrap elementor-element-populated\">\n\t\t\t\t\t\t\t<div class=\"elementor-widget-wrap\">\n\t\t\t\t\t\t<div class=\"elementor-element elementor-element-91ada47 elementor-widget elementor-widget-heading\" data-id=\"91ada47\" data-element_type=\"widget\" data-widget_type=\"heading.default\">\n\t\t\t\t<div class=\"elementor-widget-container\">\n\t\t\t<h2 class=\"elementor-heading-title elementor-size-default\">Doneaz\u0103<\/h2>\t\t<\/div>\n\t\t\t\t<\/div>\n\t\t\t\t<div class=\"elementor-element elementor-element-963528a elementor-widget elementor-widget-heading\" data-id=\"963528a\" data-element_type=\"widget\" data-widget_type=\"heading.default\">\n\t\t\t\t<div class=\"elementor-widget-container\">\n\t\t\t<h2 class=\"elementor-heading-title elementor-size-default\">ZIUA Ta! <\/h2>\t\t<\/div>\n\t\t\t\t<\/div>\n\t\t\t\t<div class=\"elementor-element elementor-element-98faa3e elementor-widget elementor-widget-text-editor\" data-id=\"98faa3e\" data-element_type=\"widget\" data-widget_type=\"text-editor.default\">\n\t\t\t\t<div class=\"elementor-widget-container\">\n\t\t\t\t\t\t\t\t<div class=\"elementor-text-editor elementor-clearfix\">\n\t\t\t\t<p>Unul dintre cele mai importante evenimente din via\u021ba ta ar putea schimba via\u021ba altuia. Dac\u0103 ai o ocazie special\u0103 (nunta ta, ziua ta de na\u0219tere, etc,) \u0219i consideri c\u0103 nu ai nevoie de cadouri, ai putea ruga prietenii s\u0103 fac\u0103 o dona\u021bie pentru a schimba via\u021ba cuiva.\u00a0 Acest gest va da mai mult\u0103 str\u0103lucire \u0219i longevitate evenimentului t\u0103u.<\/p><p>\u00cempreun\u0103 putem crea o pagin\u0103 de colectare de fonduri (dona\u021bii online).<\/p><p>La o s\u0103rb\u0103toare cu prietenii ar fi potrivit\u0103 colectarea\u00a0 de bani cash.<\/p><p>\u00a0<\/p>\t\t\t\t\t<\/div>\n\t\t\t\t\t\t<\/div>\n\t\t\t\t<\/div>\n\t\t\t\t<section class=\"elementor-section elementor-inner-section elementor-element elementor-element-1b1fa0d elementor-section-boxed elementor-section-height-default elementor-section-height-default\" data-id=\"1b1fa0d\" data-element_type=\"section\">\n\t\t\t\t\t\t<div class=\"elementor-container elementor-column-gap-default\">\n\t\t\t\t\t\t\t<div class=\"elementor-row\">\n\t\t\t\t\t<div class=\"elementor-column elementor-col-50 elementor-inner-column elementor-element elementor-element-2f1e61a\" data-id=\"2f1e61a\" data-element_type=\"column\">\n\t\t\t<div class=\"elementor-column-wrap elementor-element-populated\">\n\t\t\t\t\t\t\t<div class=\"elementor-widget-wrap\">\n\t\t\t\t\t\t<div class=\"elementor-element elementor-element-486fbc8f elementor-widget elementor-widget-image\" data-id=\"486fbc8f\" data-element_type=\"widget\" data-widget_type=\"image.default\">\n\t\t\t\t<div class=\"elementor-widget-container\">\n\t\t\t\t\t\t\t\t<div class=\"elementor-image\">\n\t\t\t\t\t\t\t\t\t\t\t\t<img src=\"https:\/\/tonyhawkscentru.md\/wp-content\/uploads\/elementor\/thumbs\/doneaza-ziua-ta-min-om2loj92eq9idlqkey979jjzhe30zf3f2bp5pfet38.jpg\" title=\"Doneaza ziua ta-min\" alt=\"Doneaza ziua ta-min\" \/>\t\t\t\t\t\t\t\t\t\t\t\t\t\t<\/div>\n\t\t\t\t\t\t<\/div>\n\t\t\t\t<\/div>\n\t\t\t\t\t\t<\/div>\n\t\t\t\t\t<\/div>\n\t\t<\/div>\n\t\t\t\t<div class=\"elementor-column elementor-col-50 elementor-inner-column elementor-element elementor-element-67807ea\" data-id=\"67807ea\" data-element_type=\"column\">\n\t\t\t<div class=\"elementor-column-wrap elementor-element-populated\">\n\t\t\t\t\t\t\t<div class=\"elementor-widget-wrap\">\n\t\t\t\t\t\t<div class=\"elementor-element elementor-element-a8f5d31 elementor-widget elementor-widget-text-editor\" data-id=\"a8f5d31\" data-element_type=\"widget\" data-widget_type=\"text-editor.default\">\n\t\t\t\t<div class=\"elementor-widget-container\">\n\t\t\t\t\t\t\t\t<div class=\"elementor-text-editor elementor-clearfix\">\n\t\t\t\t<p><em>Mul\u021bumim Kate \u0219i Klaus pentru colectarea de fonduri online,\u00a0 organizat\u0103 cu ocazia anivers\u0103rii voastre<\/em><\/p>\t\t\t\t\t<\/div>\n\t\t\t\t\t\t<\/div>\n\t\t\t\t<\/div>\n\t\t\t\t\t\t<\/div>\n\t\t\t\t\t<\/div>\n\t\t<\/div>\n\t\t\t\t\t\t\t\t<\/div>\n\t\t\t\t\t<\/div>\n\t\t<\/section>\n\t\t\t\t\t\t<\/div>\n\t\t\t\t\t<\/div>\n\t\t<\/div>\n\t\t\t\t\t\t\t\t<\/div>\n\t\t\t\t\t<\/div>\n\t\t<\/section>\n\t\t\t\t<section class=\"elementor-section elementor-top-section elementor-element elementor-element-1d33dd99 elementor-section-boxed elementor-section-height-default elementor-section-height-default\" data-id=\"1d33dd99\" data-element_type=\"section\" data-settings=\"{&quot;background_background&quot;:&quot;classic&quot;}\">\n\t\t\t\t\t\t<div class=\"elementor-container elementor-column-gap-default\">\n\t\t\t\t\t\t\t<div class=\"elementor-row\">\n\t\t\t\t\t<div class=\"elementor-column elementor-col-50 elementor-top-column elementor-element elementor-element-52d64913 elementor-invisible\" data-id=\"52d64913\" data-element_type=\"column\" data-settings=\"{&quot;animation&quot;:&quot;fadeInLeft&quot;}\">\n\t\t\t<div class=\"elementor-column-wrap elementor-element-populated\">\n\t\t\t\t\t\t\t<div class=\"elementor-widget-wrap\">\n\t\t\t\t\t\t<div class=\"elementor-element elementor-element-f18ae5d elementor-widget elementor-widget-image\" data-id=\"f18ae5d\" data-element_type=\"widget\" data-widget_type=\"image.default\">\n\t\t\t\t<div class=\"elementor-widget-container\">\n\t\t\t\t\t\t\t\t<div class=\"elementor-image\">\n\t\t\t\t\t\t\t\t\t\t\t\t<img width=\"2560\" height=\"1696\" src=\"https:\/\/tonyhawkscentru.md\/wp-content\/uploads\/2020\/03\/fii-alaturi-de-noi-la-evenimentele-thc-min-scaled.jpg\" class=\"attachment-full size-full wp-image-908\" alt=\"\" loading=\"lazy\" srcset=\"https:\/\/tonyhawkscentru.md\/wp-content\/uploads\/2020\/03\/fii-alaturi-de-noi-la-evenimentele-thc-min-scaled.jpg 2560w, https:\/\/tonyhawkscentru.md\/wp-content\/uploads\/2020\/03\/fii-alaturi-de-noi-la-evenimentele-thc-min-300x199.jpg 300w, https:\/\/tonyhawkscentru.md\/wp-content\/uploads\/2020\/03\/fii-alaturi-de-noi-la-evenimentele-thc-min-1024x678.jpg 1024w, https:\/\/tonyhawkscentru.md\/wp-content\/uploads\/2020\/03\/fii-alaturi-de-noi-la-evenimentele-thc-min-768x509.jpg 768w, https:\/\/tonyhawkscentru.md\/wp-content\/uploads\/2020\/03\/fii-alaturi-de-noi-la-evenimentele-thc-min-1536x1017.jpg 1536w, https:\/\/tonyhawkscentru.md\/wp-content\/uploads\/2020\/03\/fii-alaturi-de-noi-la-evenimentele-thc-min-2048x1356.jpg 2048w\" sizes=\"(max-width: 2560px) 100vw, 2560px\" \/>\t\t\t\t\t\t\t\t\t\t\t\t\t\t<\/div>\n\t\t\t\t\t\t<\/div>\n\t\t\t\t<\/div>\n\t\t\t\t\t\t<\/div>\n\t\t\t\t\t<\/div>\n\t\t<\/div>\n\t\t\t\t<div class=\"elementor-column elementor-col-50 elementor-top-column elementor-element elementor-element-6c4f2362 elementor-invisible\" data-id=\"6c4f2362\" data-element_type=\"column\" data-settings=\"{&quot;animation&quot;:&quot;fadeInRight&quot;}\">\n\t\t\t<div class=\"elementor-column-wrap elementor-element-populated\">\n\t\t\t\t\t\t\t<div class=\"elementor-widget-wrap\">\n\t\t\t\t\t\t<div class=\"elementor-element elementor-element-75d029c2 elementor-widget elementor-widget-heading\" data-id=\"75d029c2\" data-element_type=\"widget\" data-widget_type=\"heading.default\">\n\t\t\t\t<div class=\"elementor-widget-container\">\n\t\t\t<h2 class=\"elementor-heading-title elementor-size-default\">Fii al\u0103turi de noi la evenimentele Tony Hawks Centru!<\/h2>\t\t<\/div>\n\t\t\t\t<\/div>\n\t\t\t\t<div class=\"elementor-element elementor-element-1cb0e72e elementor-widget elementor-widget-text-editor\" data-id=\"1cb0e72e\" data-element_type=\"widget\" data-widget_type=\"text-editor.default\">\n\t\t\t\t<div class=\"elementor-widget-container\">\n\t\t\t\t\t\t\t\t<div class=\"elementor-text-editor elementor-clearfix\">\n\t\t\t\t<p>Cu sprijinul scriitorului Tony Hawks noi organiz\u0103m \u00een fiecare an evenimente distractive \u0219i concerte de caritate. Dac\u0103 ai un talent, al\u0103tur\u0103-te echipei Tony Hawks Centru. Ajut\u0103 un copil s\u0103 fie independent.<\/p><p>Mul\u021bumim arti\u0219tilor locali \u0219i interna\u021bionali care au sus\u021binut cauza noastr\u0103 nobil\u0103.<\/p>\t\t\t\t\t<\/div>\n\t\t\t\t\t\t<\/div>\n\t\t\t\t<\/div>\n\t\t\t\t\t\t<\/div>\n\t\t\t\t\t<\/div>\n\t\t<\/div>\n\t\t\t\t\t\t\t\t<\/div>\n\t\t\t\t\t<\/div>\n\t\t<\/section>\n\t\t\t\t<section class=\"elementor-section elementor-top-section elementor-element elementor-element-a15010c elementor-section-boxed elementor-section-height-default elementor-section-height-default\" data-id=\"a15010c\" data-element_type=\"section\" data-settings=\"{&quot;background_background&quot;:&quot;classic&quot;}\">\n\t\t\t\t\t\t<div class=\"elementor-container elementor-column-gap-default\">\n\t\t\t\t\t\t\t<div class=\"elementor-row\">\n\t\t\t\t\t<div class=\"elementor-column elementor-col-50 elementor-top-column elementor-element elementor-element-bcfe3ad elementor-invisible\" data-id=\"bcfe3ad\" data-element_type=\"column\" data-settings=\"{&quot;animation&quot;:&quot;fadeInLeft&quot;}\">\n\t\t\t<div class=\"elementor-column-wrap elementor-element-populated\">\n\t\t\t\t\t\t\t<div class=\"elementor-widget-wrap\">\n\t\t\t\t\t\t<div class=\"elementor-element elementor-element-8b28892 elementor-widget elementor-widget-heading\" data-id=\"8b28892\" data-element_type=\"widget\" data-widget_type=\"heading.default\">\n\t\t\t\t<div class=\"elementor-widget-container\">\n\t\t\t<h2 class=\"elementor-heading-title elementor-size-default\">Particip\u0103 la Tombol\u0103!<\/h2>\t\t<\/div>\n\t\t\t\t<\/div>\n\t\t\t\t<div class=\"elementor-element elementor-element-e1da1ba elementor-widget elementor-widget-text-editor\" data-id=\"e1da1ba\" data-element_type=\"widget\" data-widget_type=\"text-editor.default\">\n\t\t\t\t<div class=\"elementor-widget-container\">\n\t\t\t\t\t\t\t\t<div class=\"elementor-text-editor elementor-clearfix\">\n\t\t\t\t<p>Prin participarea ta la tombol\u0103 aju\u021bi copiii cu deregl\u0103ri de dezvoltare s\u0103 aib\u0103 acces la servicii \u0219i programe inovative. F\u0103c\u00e2nd acest gest, contribui la dezvoltarea comunit\u0103\u021bii.<\/p><p>Tombola este organizat\u0103 cu ocazia evenimentelor de caritate.<\/p>\t\t\t\t\t<\/div>\n\t\t\t\t\t\t<\/div>\n\t\t\t\t<\/div>\n\t\t\t\t\t\t<\/div>\n\t\t\t\t\t<\/div>\n\t\t<\/div>\n\t\t\t\t<div class=\"elementor-column elementor-col-50 elementor-top-column elementor-element elementor-element-1aba4ae elementor-hidden-tablet elementor-hidden-phone elementor-invisible\" data-id=\"1aba4ae\" data-element_type=\"column\" data-settings=\"{&quot;animation&quot;:&quot;fadeInRight&quot;}\">\n\t\t\t<div class=\"elementor-column-wrap elementor-element-populated\">\n\t\t\t\t\t\t\t<div class=\"elementor-widget-wrap\">\n\t\t\t\t\t\t<div class=\"elementor-element elementor-element-31d4859 elementor-widget elementor-widget-image\" data-id=\"31d4859\" data-element_type=\"widget\" data-widget_type=\"image.default\">\n\t\t\t\t<div class=\"elementor-widget-container\">\n\t\t\t\t\t\t\t\t<div class=\"elementor-image\">\n\t\t\t\t\t\t\t\t\t\t\t\t<img width=\"398\" height=\"280\" src=\"https:\/\/tonyhawkscentru.md\/wp-content\/uploads\/2020\/04\/tombola.jpg\" class=\"attachment-full size-full wp-image-1445\" alt=\"\" loading=\"lazy\" srcset=\"https:\/\/tonyhawkscentru.md\/wp-content\/uploads\/2020\/04\/tombola.jpg 398w, https:\/\/tonyhawkscentru.md\/wp-content\/uploads\/2020\/04\/tombola-300x211.jpg 300w\" sizes=\"(max-width: 398px) 100vw, 398px\" \/>\t\t\t\t\t\t\t\t\t\t\t\t\t\t<\/div>\n\t\t\t\t\t\t<\/div>\n\t\t\t\t<\/div>\n\t\t\t\t\t\t<\/div>\n\t\t\t\t\t<\/div>\n\t\t<\/div>\n\t\t\t\t\t\t\t\t<\/div>\n\t\t\t\t\t<\/div>\n\t\t<\/section>\n\t\t\t\t\t\t\t\t\t<\/div>\n\t\t\t<\/div>\n\t\t\t\t\t<\/div>\n\t\t","protected":false},"excerpt":{"rendered":"<p>Colecteaz\u0103 fonduri cu noi Fii Activ Doneaz\u0103 ziua ta Al\u0103tur\u0103-te unui eveniment Particip\u0103 la tombol\u0103 Implic\u0103-te \u00een colectarea de fonduri Echipa\u00a0 Tony Hawks Centru are ferma convingere c\u0103 fiecare copil cu Paralizie Cerebral\u0103 sau alte deregl\u0103ri de dezvoltare trebuie s\u0103 tr\u0103iasc\u0103 o via\u021b\u0103 confortabil\u0103, lipsit\u0103 de durere \u0219i c\u00e2t mai incluziv\u0103. Din acest motiv, te&hellip;&nbsp;<a href=\"https:\/\/tonyhawkscentru.md\/index.php\/colecteaza-fonduri-cu-noi\/\" rel=\"bookmark\">Cite\u0219te mai mult &raquo;<span class=\"screen-reader-text\">Colecteaz\u0103 fonduri cu noi<\/span><\/a><\/p>\n","protected":false},"author":2,"featured_media":0,"parent":0,"menu_order":0,"comment_status":"closed","ping_status":"closed","template":"elementor_header_footer","meta":{"neve_meta_sidebar":"full-width","neve_meta_container":"full-width","neve_meta_enable_content_width":"on","neve_meta_content_width":100,"neve_meta_title_alignment":"","neve_meta_author_avatar":"","neve_post_elements_order":"","neve_meta_disable_header":"","neve_meta_disable_footer":"","neve_meta_disable_title":""},"_links":{"self":[{"href":"https:\/\/tonyhawkscentru.md\/index.php\/wp-json\/wp\/v2\/pages\/804"}],"collection":[{"href":"https:\/\/tonyhawkscentru.md\/index.php\/wp-json\/wp\/v2\/pages"}],"about":[{"href":"https:\/\/tonyhawkscentru.md\/index.php\/wp-json\/wp\/v2\/types\/page"}],"author":[{"embeddable":true,"href":"https:\/\/tonyhawkscentru.md\/index.php\/wp-json\/wp\/v2\/users\/2"}],"replies":[{"embeddable":true,"href":"https:\/\/tonyhawkscentru.md\/index.php\/wp-json\/wp\/v2\/comments?post=804"}],"version-history":[{"count":24,"href":"https:\/\/tonyhawkscentru.md\/index.php\/wp-json\/wp\/v2\/pages\/804\/revisions"}],"predecessor-version":[{"id":1793,"href":"https:\/\/tonyhawkscentru.md\/index.php\/wp-json\/wp\/v2\/pages\/804\/revisions\/1793"}],"wp:attachment":[{"href":"https:\/\/tonyhawkscentru.md\/index.php\/wp-json\/wp\/v2\/media?parent=804"}],"curies":[{"name":"wp","href":"https:\/\/api.w.org\/{rel}","templated":true}]}}