{"id":817,"date":"2020-02-27T12:08:57","date_gmt":"2020-02-27T12:08:57","guid":{"rendered":"http:\/\/tonyhawkscentru.rts.one\/?page_id=817"},"modified":"2023-10-23T07:57:02","modified_gmt":"2023-10-23T07:57:02","slug":"devina-partenerul-nostru-corporativ","status":"publish","type":"page","link":"https:\/\/tonyhawkscentru.md\/index.php\/devina-partenerul-nostru-corporativ\/","title":{"rendered":"Devin\u0103 partenerul nostru corporativ"},"content":{"rendered":"\t\t<div data-elementor-type=\"wp-page\" data-elementor-id=\"817\" class=\"elementor elementor-817\">\n\t\t\t\t\t\t<div class=\"elementor-inner\">\n\t\t\t\t<div class=\"elementor-section-wrap\">\n\t\t\t\t\t\t\t\t\t<section class=\"elementor-section elementor-top-section elementor-element elementor-element-7ffdd4be elementor-section-boxed elementor-section-height-default elementor-section-height-default\" data-id=\"7ffdd4be\" data-element_type=\"section\" data-settings=\"{&quot;background_background&quot;:&quot;classic&quot;}\">\n\t\t\t\t\t\t\t<div class=\"elementor-background-overlay\"><\/div>\n\t\t\t\t\t\t\t<div class=\"elementor-container elementor-column-gap-default\">\n\t\t\t\t\t\t\t<div class=\"elementor-row\">\n\t\t\t\t\t<div class=\"elementor-column elementor-col-100 elementor-top-column elementor-element elementor-element-99196a6\" data-id=\"99196a6\" data-element_type=\"column\">\n\t\t\t<div class=\"elementor-column-wrap elementor-element-populated\">\n\t\t\t\t\t\t\t<div class=\"elementor-widget-wrap\">\n\t\t\t\t\t\t<div class=\"elementor-element elementor-element-57c40c19 elementor-invisible elementor-widget elementor-widget-heading\" data-id=\"57c40c19\" data-element_type=\"widget\" data-settings=\"{&quot;_animation&quot;:&quot;fadeInDown&quot;,&quot;_animation_delay&quot;:&quot;300&quot;}\" data-widget_type=\"heading.default\">\n\t\t\t\t<div class=\"elementor-widget-container\">\n\t\t\t<h1 class=\"elementor-heading-title elementor-size-default\">Devino partenerul nostru corporativ<\/h1>\t\t<\/div>\n\t\t\t\t<\/div>\n\t\t\t\t<div class=\"elementor-element elementor-element-6b7493c9 elementor-widget elementor-widget-heading\" data-id=\"6b7493c9\" data-element_type=\"widget\" data-widget_type=\"heading.default\">\n\t\t\t\t<div class=\"elementor-widget-container\">\n\t\t\t<h2 class=\"elementor-heading-title elementor-size-default\">Implic\u0103-te prin Responsabilitate Social\u0103 Corporativ\u0103<br>\nDoneaz\u0103 2% \u00eempreun\u0103 cu colegii de serviciu<br>\nFii sponsorul unui eveniment marca Tony Hawks Centru<br>\nDona\u021bii corporative in-kind\n<\/h2>\t\t<\/div>\n\t\t\t\t<\/div>\n\t\t\t\t\t\t<\/div>\n\t\t\t\t\t<\/div>\n\t\t<\/div>\n\t\t\t\t\t\t\t\t<\/div>\n\t\t\t\t\t<\/div>\n\t\t<\/section>\n\t\t\t\t<section class=\"elementor-section elementor-top-section elementor-element elementor-element-f888e06 elementor-section-boxed elementor-section-height-default elementor-section-height-default\" data-id=\"f888e06\" data-element_type=\"section\" data-settings=\"{&quot;background_background&quot;:&quot;classic&quot;}\">\n\t\t\t\t\t\t<div class=\"elementor-container elementor-column-gap-default\">\n\t\t\t\t\t\t\t<div class=\"elementor-row\">\n\t\t\t\t\t<div class=\"elementor-column elementor-col-100 elementor-top-column elementor-element elementor-element-597744ad\" data-id=\"597744ad\" data-element_type=\"column\">\n\t\t\t<div class=\"elementor-column-wrap elementor-element-populated\">\n\t\t\t\t\t\t\t<div class=\"elementor-widget-wrap\">\n\t\t\t\t\t\t<div class=\"elementor-element elementor-element-7cf06791 elementor-widget elementor-widget-heading\" data-id=\"7cf06791\" data-element_type=\"widget\" data-widget_type=\"heading.default\">\n\t\t\t\t<div class=\"elementor-widget-container\">\n\t\t\t<h2 class=\"elementor-heading-title elementor-size-default\">\u00censufle\u021be\u0219te brandul t\u0103u!<\/h2>\t\t<\/div>\n\t\t\t\t<\/div>\n\t\t\t\t<div class=\"elementor-element elementor-element-62c9343b elementor-widget elementor-widget-text-editor\" data-id=\"62c9343b\" data-element_type=\"widget\" data-widget_type=\"text-editor.default\">\n\t\t\t\t<div class=\"elementor-widget-container\">\n\t\t\t\t\t\t\t\t<div class=\"elementor-text-editor elementor-clearfix\">\n\t\t\t\t<p>Dac\u0103 \u00ee\u021bi dore\u0219ti ceva deosebit pentru businessul t\u0103u, dar \u0219i pentru copiii cu Paralizie Cerebral\u0103, inspir\u0103-\u021bi angaja\u021bii \u0219i clien\u021bii la un parteneriat destinat copiilor. Atrage clien\u021bi prin asocierea brandului t\u0103u cu o cauz\u0103 nobil\u0103.<\/p><p>Asociind brandul t\u0103u cu Tony Hawks Centru, po\u021bi spori v\u00e2nz\u0103rile, cre\u0219te loialitatea \u0219i \u00eencrederea clien\u021bilor t\u0103i.\u00a0<\/p><p>Infiltreaz\u0103 un mesaj puternic de Responsabilitate Social\u0103 Corporativ\u0103\u00a0 \u00een mintea clientului t\u0103u. Noi vom lucra \u00eempreun\u0103 ca s\u0103 asigur\u0103m proiectele RSC implementate cu mult\u0103 inova\u021bie \u0219i mutualitate pentru ambele p\u0103r\u021bi.<\/p>\t\t\t\t\t<\/div>\n\t\t\t\t\t\t<\/div>\n\t\t\t\t<\/div>\n\t\t\t\t\t\t<\/div>\n\t\t\t\t\t<\/div>\n\t\t<\/div>\n\t\t\t\t\t\t\t\t<\/div>\n\t\t\t\t\t<\/div>\n\t\t<\/section>\n\t\t\t\t<section class=\"elementor-section elementor-top-section elementor-element elementor-element-571bfbf elementor-section-boxed elementor-section-height-default elementor-section-height-default\" data-id=\"571bfbf\" data-element_type=\"section\" data-settings=\"{&quot;background_background&quot;:&quot;classic&quot;}\">\n\t\t\t\t\t\t<div class=\"elementor-container elementor-column-gap-default\">\n\t\t\t\t\t\t\t<div class=\"elementor-row\">\n\t\t\t\t\t<div class=\"elementor-column elementor-col-100 elementor-top-column elementor-element elementor-element-fbfd6c4\" data-id=\"fbfd6c4\" data-element_type=\"column\">\n\t\t\t<div class=\"elementor-column-wrap elementor-element-populated\">\n\t\t\t\t\t\t\t<div class=\"elementor-widget-wrap\">\n\t\t\t\t\t\t<div class=\"elementor-element elementor-element-91ada47 elementor-widget elementor-widget-heading\" data-id=\"91ada47\" data-element_type=\"widget\" data-widget_type=\"heading.default\">\n\t\t\t\t<div class=\"elementor-widget-container\">\n\t\t\t<h2 class=\"elementor-heading-title elementor-size-default\">Inspir\u0103-\u021bi angaja\u021bii s\u0103 doneze<\/h2>\t\t<\/div>\n\t\t\t\t<\/div>\n\t\t\t\t<div class=\"elementor-element elementor-element-963528a elementor-widget elementor-widget-heading\" data-id=\"963528a\" data-element_type=\"widget\" data-widget_type=\"heading.default\">\n\t\t\t\t<div class=\"elementor-widget-container\">\n\t\t\t<h2 class=\"elementor-heading-title elementor-size-default\">2%<\/h2>\t\t<\/div>\n\t\t\t\t<\/div>\n\t\t\t\t<div class=\"elementor-element elementor-element-f6e8721 elementor-widget elementor-widget-heading\" data-id=\"f6e8721\" data-element_type=\"widget\" data-widget_type=\"heading.default\">\n\t\t\t\t<div class=\"elementor-widget-container\">\n\t\t\t<h2 class=\"elementor-heading-title elementor-size-default\">c\u0103tre Tony Hawks Centru.<\/h2>\t\t<\/div>\n\t\t\t\t<\/div>\n\t\t\t\t<div class=\"elementor-element elementor-element-98faa3e elementor-widget elementor-widget-text-editor\" data-id=\"98faa3e\" data-element_type=\"widget\" data-widget_type=\"text-editor.default\">\n\t\t\t\t<div class=\"elementor-widget-container\">\n\t\t\t\t\t\t\t\t<div class=\"elementor-text-editor elementor-clearfix\">\n\t\t\t\t<p>Sentimentul de sus\u021binere \u00een echip\u0103 a unei cauze nobile \u0219i transparente la nivel local \u0219i interna\u021bional motiveaz\u0103 \u0219i\u00a0 une\u0219te oamenii (cod fiscal: <strong>1010620002792<\/strong>).<\/p>\t\t\t\t\t<\/div>\n\t\t\t\t\t\t<\/div>\n\t\t\t\t<\/div>\n\t\t\t\t\t\t<\/div>\n\t\t\t\t\t<\/div>\n\t\t<\/div>\n\t\t\t\t\t\t\t\t<\/div>\n\t\t\t\t\t<\/div>\n\t\t<\/section>\n\t\t\t\t<section class=\"elementor-section elementor-top-section elementor-element elementor-element-1d33dd99 elementor-section-boxed elementor-section-height-default elementor-section-height-default\" data-id=\"1d33dd99\" data-element_type=\"section\">\n\t\t\t\t\t\t<div class=\"elementor-container elementor-column-gap-default\">\n\t\t\t\t\t\t\t<div class=\"elementor-row\">\n\t\t\t\t\t<div class=\"elementor-column elementor-col-50 elementor-top-column elementor-element elementor-element-52d64913 elementor-invisible\" data-id=\"52d64913\" data-element_type=\"column\" data-settings=\"{&quot;animation&quot;:&quot;fadeInLeft&quot;}\">\n\t\t\t<div class=\"elementor-column-wrap elementor-element-populated\">\n\t\t\t\t\t\t\t<div class=\"elementor-widget-wrap\">\n\t\t\t\t\t\t<div class=\"elementor-element elementor-element-486fbc8f elementor-widget elementor-widget-image\" data-id=\"486fbc8f\" data-element_type=\"widget\" data-widget_type=\"image.default\">\n\t\t\t\t<div class=\"elementor-widget-container\">\n\t\t\t\t\t\t\t\t<div class=\"elementor-image\">\n\t\t\t\t\t\t\t\t\t\t\t\t<img src=\"https:\/\/tonyhawkscentru.md\/wp-content\/uploads\/elementor\/thumbs\/donatii-in-natura-omufmcjpz95d1zjvm2oqo222vchhyl7dckqspk2hso.jpg\" title=\"Donatii in natura\" alt=\"Donatii in natura\" \/>\t\t\t\t\t\t\t\t\t\t\t\t\t\t<\/div>\n\t\t\t\t\t\t<\/div>\n\t\t\t\t<\/div>\n\t\t\t\t\t\t<\/div>\n\t\t\t\t\t<\/div>\n\t\t<\/div>\n\t\t\t\t<div class=\"elementor-column elementor-col-50 elementor-top-column elementor-element elementor-element-6c4f2362 elementor-invisible\" data-id=\"6c4f2362\" data-element_type=\"column\" data-settings=\"{&quot;animation&quot;:&quot;fadeInRight&quot;}\">\n\t\t\t<div class=\"elementor-column-wrap elementor-element-populated\">\n\t\t\t\t\t\t\t<div class=\"elementor-widget-wrap\">\n\t\t\t\t\t\t<div class=\"elementor-element elementor-element-75d029c2 elementor-widget elementor-widget-heading\" data-id=\"75d029c2\" data-element_type=\"widget\" data-widget_type=\"heading.default\">\n\t\t\t\t<div class=\"elementor-widget-container\">\n\t\t\t<h2 class=\"elementor-heading-title elementor-size-default\">Dona\u021bii in-kind<\/h2>\t\t<\/div>\n\t\t\t\t<\/div>\n\t\t\t\t<div class=\"elementor-element elementor-element-1cb0e72e elementor-widget elementor-widget-text-editor\" data-id=\"1cb0e72e\" data-element_type=\"widget\" data-widget_type=\"text-editor.default\">\n\t\t\t\t<div class=\"elementor-widget-container\">\n\t\t\t\t\t\t\t\t<div class=\"elementor-text-editor elementor-clearfix\">\n\t\t\t\t<p>Multe organiza\u021bii ne sprijin\u0103 \u00een alte moduri dec\u00e2t cel financiar, don\u00e2nd produse, servicii sau timp. Aceasta este o modalitate comod\u0103 de a ajuta.<\/p><p>Po\u021bi oferi abilit\u0103\u021bi profesionale de mentorat, de training sau alte abilit\u0103\u021bi similare. Astfel aju\u021bi la promovarea Responsabilit\u0103\u021bii Social Corporative a companiei tale \u0219i demonstrezi solidaritate fa\u021b\u0103 de cauza noastr\u0103 nobil\u0103.<\/p><p>Dona\u021biile in-kind ne pot ajuta la economisirea resurselor folosirea lor efectiv\u0103 pentru\u00a0 serviciile noastre vitale.<\/p>\t\t\t\t\t<\/div>\n\t\t\t\t\t\t<\/div>\n\t\t\t\t<\/div>\n\t\t\t\t\t\t<\/div>\n\t\t\t\t\t<\/div>\n\t\t<\/div>\n\t\t\t\t\t\t\t\t<\/div>\n\t\t\t\t\t<\/div>\n\t\t<\/section>\n\t\t\t\t\t\t\t\t\t<\/div>\n\t\t\t<\/div>\n\t\t\t\t\t<\/div>\n\t\t","protected":false},"excerpt":{"rendered":"<p>Devino partenerul nostru corporativ Implic\u0103-te prin Responsabilitate Social\u0103 Corporativ\u0103 Doneaz\u0103 2% \u00eempreun\u0103 cu colegii de serviciu Fii sponsorul unui eveniment marca Tony Hawks Centru Dona\u021bii corporative in-kind \u00censufle\u021be\u0219te brandul t\u0103u! Dac\u0103 \u00ee\u021bi dore\u0219ti ceva deosebit pentru businessul t\u0103u, dar \u0219i pentru copiii cu Paralizie Cerebral\u0103, inspir\u0103-\u021bi angaja\u021bii \u0219i clien\u021bii la un parteneriat destinat copiilor. Atrage&hellip;&nbsp;<a href=\"https:\/\/tonyhawkscentru.md\/index.php\/devina-partenerul-nostru-corporativ\/\" rel=\"bookmark\">Cite\u0219te mai mult &raquo;<span class=\"screen-reader-text\">Devin\u0103 partenerul nostru corporativ<\/span><\/a><\/p>\n","protected":false},"author":2,"featured_media":0,"parent":0,"menu_order":0,"comment_status":"closed","ping_status":"closed","template":"elementor_header_footer","meta":{"neve_meta_sidebar":"full-width","neve_meta_container":"full-width","neve_meta_enable_content_width":"on","neve_meta_content_width":100,"neve_meta_title_alignment":"","neve_meta_author_avatar":"","neve_post_elements_order":"","neve_meta_disable_header":"","neve_meta_disable_footer":"","neve_meta_disable_title":""},"_links":{"self":[{"href":"https:\/\/tonyhawkscentru.md\/index.php\/wp-json\/wp\/v2\/pages\/817"}],"collection":[{"href":"https:\/\/tonyhawkscentru.md\/index.php\/wp-json\/wp\/v2\/pages"}],"about":[{"href":"https:\/\/tonyhawkscentru.md\/index.php\/wp-json\/wp\/v2\/types\/page"}],"author":[{"embeddable":true,"href":"https:\/\/tonyhawkscentru.md\/index.php\/wp-json\/wp\/v2\/users\/2"}],"replies":[{"embeddable":true,"href":"https:\/\/tonyhawkscentru.md\/index.php\/wp-json\/wp\/v2\/comments?post=817"}],"version-history":[{"count":21,"href":"https:\/\/tonyhawkscentru.md\/index.php\/wp-json\/wp\/v2\/pages\/817\/revisions"}],"predecessor-version":[{"id":2593,"href":"https:\/\/tonyhawkscentru.md\/index.php\/wp-json\/wp\/v2\/pages\/817\/revisions\/2593"}],"wp:attachment":[{"href":"https:\/\/tonyhawkscentru.md\/index.php\/wp-json\/wp\/v2\/media?parent=817"}],"curies":[{"name":"wp","href":"https:\/\/api.w.org\/{rel}","templated":true}]}}