{"id":961,"date":"2020-03-10T11:49:15","date_gmt":"2020-03-10T11:49:15","guid":{"rendered":"http:\/\/tonyhawkscentru.rts.one\/?page_id=961"},"modified":"2026-01-29T15:16:24","modified_gmt":"2026-01-29T15:16:24","slug":"transparenta","status":"publish","type":"page","link":"https:\/\/tonyhawkscentru.md\/index.php\/transparenta\/","title":{"rendered":"Transparen\u021b\u0103"},"content":{"rendered":"\t\t<div data-elementor-type=\"wp-page\" data-elementor-id=\"961\" class=\"elementor elementor-961\">\n\t\t\t\t\t\t<div class=\"elementor-inner\">\n\t\t\t\t<div class=\"elementor-section-wrap\">\n\t\t\t\t\t\t\t\t\t<section class=\"elementor-section elementor-top-section elementor-element elementor-element-c280e29 elementor-section-boxed elementor-section-height-default elementor-section-height-default\" data-id=\"c280e29\" data-element_type=\"section\" data-settings=\"{&quot;background_background&quot;:&quot;classic&quot;}\">\n\t\t\t\t\t\t\t<div class=\"elementor-background-overlay\"><\/div>\n\t\t\t\t\t\t\t<div class=\"elementor-container elementor-column-gap-default\">\n\t\t\t\t\t\t\t<div class=\"elementor-row\">\n\t\t\t\t\t<div class=\"elementor-column elementor-col-100 elementor-top-column elementor-element elementor-element-89274d3\" data-id=\"89274d3\" data-element_type=\"column\">\n\t\t\t<div class=\"elementor-column-wrap elementor-element-populated\">\n\t\t\t\t\t\t\t<div class=\"elementor-widget-wrap\">\n\t\t\t\t\t\t<div class=\"elementor-element elementor-element-7ab20db elementor-invisible elementor-widget elementor-widget-heading\" data-id=\"7ab20db\" data-element_type=\"widget\" data-settings=\"{&quot;_animation&quot;:&quot;fadeInDown&quot;,&quot;_animation_delay&quot;:&quot;300&quot;}\" data-widget_type=\"heading.default\">\n\t\t\t\t<div class=\"elementor-widget-container\">\n\t\t\t<h1 class=\"elementor-heading-title elementor-size-default\">Transparen\u021ba<\/h1>\t\t<\/div>\n\t\t\t\t<\/div>\n\t\t\t\t\t\t<\/div>\n\t\t\t\t\t<\/div>\n\t\t<\/div>\n\t\t\t\t\t\t\t\t<\/div>\n\t\t\t\t\t<\/div>\n\t\t<\/section>\n\t\t\t\t<section class=\"elementor-section elementor-top-section elementor-element elementor-element-0a5a44a elementor-section-boxed elementor-section-height-default elementor-section-height-default\" data-id=\"0a5a44a\" data-element_type=\"section\" data-settings=\"{&quot;background_background&quot;:&quot;classic&quot;}\">\n\t\t\t\t\t\t<div class=\"elementor-container elementor-column-gap-default\">\n\t\t\t\t\t\t\t<div class=\"elementor-row\">\n\t\t\t\t\t<div class=\"elementor-column elementor-col-100 elementor-top-column elementor-element elementor-element-154f2ca\" data-id=\"154f2ca\" data-element_type=\"column\">\n\t\t\t<div class=\"elementor-column-wrap elementor-element-populated\">\n\t\t\t\t\t\t\t<div class=\"elementor-widget-wrap\">\n\t\t\t\t\t\t<div class=\"elementor-element elementor-element-b49e541 elementor-widget elementor-widget-heading\" data-id=\"b49e541\" data-element_type=\"widget\" data-widget_type=\"heading.default\">\n\t\t\t\t<div class=\"elementor-widget-container\">\n\t\t\t<h2 class=\"elementor-heading-title elementor-size-default\">Cariera<\/h2>\t\t<\/div>\n\t\t\t\t<\/div>\n\t\t\t\t<div class=\"elementor-element elementor-element-449c30c elementor-widget elementor-widget-text-editor\" data-id=\"449c30c\" data-element_type=\"widget\" data-widget_type=\"text-editor.default\">\n\t\t\t\t<div class=\"elementor-widget-container\">\n\t\t\t\t\t\t\t\t<div class=\"elementor-text-editor elementor-clearfix\">\n\t\t\t\t\t\t\t\t\t<\/div>\n\t\t\t\t\t\t<\/div>\n\t\t\t\t<\/div>\n\t\t\t\t<div class=\"elementor-element elementor-element-37d6100 elementor-widget elementor-widget-text-editor\" data-id=\"37d6100\" data-element_type=\"widget\" data-widget_type=\"text-editor.default\">\n\t\t\t\t<div class=\"elementor-widget-container\">\n\t\t\t\t\t\t\t\t<div class=\"elementor-text-editor elementor-clearfix\">\n\t\t\t\t<h4 style=\"text-align: center;\"><strong>Fundatia Tony Hawks Centru, angajeaz\u0103 un consultant\/consultant\u0103 \u00een domeniul social privind acreditarea serviciului<\/strong><\/h4><p style=\"text-align: left;\">\u00cen perioada 01.11.2021 &#8211; 31.10.2023 Funda\u021bia \u201eTony Hawks Centru\u201d, implementeaz\u0103 proiectul \u201eExtinderea echipei de reabilitare a copiilor \u0219i tinerilor cu nevoi speciale prin crearea serviciului de Terapie Ocupa\u021bional\u0103\u201d finan\u021bat de Uniunea European\u0103, co-finan\u021bat de Funda\u021bia Soros-Moldova \u00een parteneriat cu Asocia\u021bia Keystone Moldova \u0219i\u00a0AO Institutum Virtutes Civilis.<\/p><p style=\"text-align: left;\">Una din activit\u0103\u021bile proiectului,\u00a0 prevede elaborarea pachetului de documente pentru acreditarea serviciului social \u201eCentru de zi pentru persoanele cu dizabilit\u0103\u021bi\u201d.<\/p><p style=\"text-align: left;\">\u00cen acest context, Fundatia Tony Hawks Centru, angajeaz\u0103 un consultant\/consultant\u0103 \u00een domeniul social pentru elaborarea pachetului de documente privind acreditarea serviciului.<\/p><p style=\"text-align: left;\">Consultantul\/consultanta va fi selectat(\u0103) \u00een baza dosarului.<\/p><ol><li style=\"text-align: left;\"><a href=\"https:\/\/tonyhawkscentru.md\/wp-content\/uploads\/2022\/12\/termeni-de-referinta-consultant-acreditare-fundatia-tony-hawks.docx\" target=\"_blank\" rel=\"noopener\">Termeni de referin\u021b\u0103 &#8211; consultant \u00een acreditare;<\/a><\/li><li style=\"text-align: left;\"><a href=\"https:\/\/tonyhawkscentru.md\/wp-content\/uploads\/2022\/12\/formular-oferta-financiara-final.docx\" target=\"_blank\" rel=\"noopener\">Formular &#8211; oferta <\/a><a href=\"https:\/\/tonyhawkscentru.md\/wp-content\/uploads\/2022\/12\/formular-oferta-financiara-final.docx\" target=\"_blank\" rel=\"noopener\">financiara.<\/a><\/li><\/ol><p style=\"text-align: left;\"><strong>Termenul limit\u0103 de depunere a dosarului este 04.01.2023, ora 17:00.<\/strong><\/p><p style=\"text-align: left;\"><strong><span style=\"text-decoration: underline;\">Dosarul cu toate actele completate \u0219i semnate \u00eel ve-\u021bi expedia la adresa de e-mail: info@tonyhawkscentru.md <\/span><\/strong>cu men\u021biunea\u201eServicii de consultan\u021b\u0103 \u00een domeniul elabor\u0103rii documentelor pentru acreditarea serviciului social\u201d.<\/p><p style=\"text-align: left;\"><strong>Pentru \u00eentreb\u0103ri ne pute\u021bi contacta la num\u0103rul 079993909.<\/strong><\/p>\t\t\t\t\t<\/div>\n\t\t\t\t\t\t<\/div>\n\t\t\t\t<\/div>\n\t\t\t\t\t\t<\/div>\n\t\t\t\t\t<\/div>\n\t\t<\/div>\n\t\t\t\t\t\t\t\t<\/div>\n\t\t\t\t\t<\/div>\n\t\t<\/section>\n\t\t\t\t<section class=\"elementor-section elementor-top-section elementor-element elementor-element-b2dfe89 elementor-section-content-space-evenly elementor-section-boxed elementor-section-height-default elementor-section-height-default\" data-id=\"b2dfe89\" data-element_type=\"section\" data-settings=\"{&quot;background_background&quot;:&quot;classic&quot;}\">\n\t\t\t\t\t\t<div class=\"elementor-container elementor-column-gap-custom\">\n\t\t\t\t\t\t\t<div class=\"elementor-row\">\n\t\t\t\t\t<div class=\"elementor-column elementor-col-100 elementor-top-column elementor-element elementor-element-72ae491 elementor-invisible\" data-id=\"72ae491\" data-element_type=\"column\" data-settings=\"{&quot;animation&quot;:&quot;fadeInRight&quot;}\">\n\t\t\t<div class=\"elementor-column-wrap elementor-element-populated\">\n\t\t\t\t\t\t\t<div class=\"elementor-widget-wrap\">\n\t\t\t\t\t\t<div class=\"elementor-element elementor-element-7b164f6 elementor-widget elementor-widget-heading\" data-id=\"7b164f6\" data-element_type=\"widget\" data-widget_type=\"heading.default\">\n\t\t\t\t<div class=\"elementor-widget-container\">\n\t\t\t<h2 class=\"elementor-heading-title elementor-size-default\">Anun\u021buri<\/h2>\t\t<\/div>\n\t\t\t\t<\/div>\n\t\t\t\t<div class=\"elementor-element elementor-element-205d15a elementor-widget elementor-widget-elementskit-post-list\" data-id=\"205d15a\" data-element_type=\"widget\" data-widget_type=\"elementskit-post-list.default\">\n\t\t\t\t<div class=\"elementor-widget-container\">\n\t\t\t<div class=\"ekit-wid-con\" >\t\t<ul class=\"elementor-icon-list-items ekit-post-list-wrapper  elementor-inline-items\">\n\t\t\t\t\t\t<li class=\"elementor-icon-list-item   \">\n\t\t\t\t<a href=\"https:\/\/tonyhawkscentru.md\/index.php\/2025\/06\/17\/bune-practici-in-terapia-ocupationala-la-copii-implementate-la-centrul-tony-hawks-2\/\" >\n\t\t\t\t\t\t\t\t\t\t\t\t\t<span class=\"elementor-icon-list-icon\">\n\t\t\t\t\t\t\t\t\t<i aria-hidden=\"true\" class=\"fas fa-circle\"><\/i>\t\t\t\t\t\t\t\t<\/span>\n\t\t\t\t\t\t\t\t\t\t\t\t<div class=\"ekit_post_list_content_wraper\">\n\t\t\t\t\t\t\n\t\t\t\t\t\t<span class=\"elementor-icon-list-text\">Proiect de perfec\u021bionare a cadrelor din reabilitarea pediatric\u0103 - 8 module implementate<\/span>\n\n\t\t\t\t\t\t\t\t\t\t\t<\/div>\n\t\t\t\t<\/a>\n\t\t\t<\/li>\n\t\t\t\t<\/ul>\n\t\t<\/div>\t\t<\/div>\n\t\t\t\t<\/div>\n\t\t\t\t\t\t<\/div>\n\t\t\t\t\t<\/div>\n\t\t<\/div>\n\t\t\t\t\t\t\t\t<\/div>\n\t\t\t\t\t<\/div>\n\t\t<\/section>\n\t\t\t\t<section class=\"elementor-section elementor-top-section elementor-element elementor-element-b53dd59 elementor-section-boxed elementor-section-height-default elementor-section-height-default\" data-id=\"b53dd59\" data-element_type=\"section\" data-settings=\"{&quot;background_background&quot;:&quot;classic&quot;}\">\n\t\t\t\t\t\t<div class=\"elementor-container elementor-column-gap-default\">\n\t\t\t\t\t\t\t<div class=\"elementor-row\">\n\t\t\t\t\t<div class=\"elementor-column elementor-col-100 elementor-top-column elementor-element elementor-element-ab7c0b1\" data-id=\"ab7c0b1\" data-element_type=\"column\">\n\t\t\t<div class=\"elementor-column-wrap elementor-element-populated\">\n\t\t\t\t\t\t\t<div class=\"elementor-widget-wrap\">\n\t\t\t\t\t\t<div class=\"elementor-element elementor-element-c1dbebe elementor-widget elementor-widget-heading\" data-id=\"c1dbebe\" data-element_type=\"widget\" data-widget_type=\"heading.default\">\n\t\t\t\t<div class=\"elementor-widget-container\">\n\t\t\t<h2 class=\"elementor-heading-title elementor-size-default\">Rapoarte de activitate<\/h2>\t\t<\/div>\n\t\t\t\t<\/div>\n\t\t\t\t<div class=\"elementor-element elementor-element-3d0a83c elementor-tabs-view-horizontal elementor-widget elementor-widget-tabs\" data-id=\"3d0a83c\" data-element_type=\"widget\" data-widget_type=\"tabs.default\">\n\t\t\t\t<div class=\"elementor-widget-container\">\n\t\t\t\t\t<div class=\"elementor-tabs\">\n\t\t\t<div class=\"elementor-tabs-wrapper\" role=\"tablist\" >\n\t\t\t\t\t\t\t\t\t<div id=\"elementor-tab-title-6401\" class=\"elementor-tab-title elementor-tab-desktop-title\" aria-selected=\"true\" data-tab=\"1\" role=\"tab\" tabindex=\"0\" aria-controls=\"elementor-tab-content-6401\" aria-expanded=\"false\"><a href=\"\">2019<\/a><\/div>\n\t\t\t\t\t\t\t\t\t<div id=\"elementor-tab-title-6402\" class=\"elementor-tab-title elementor-tab-desktop-title\" aria-selected=\"false\" data-tab=\"2\" role=\"tab\" tabindex=\"-1\" aria-controls=\"elementor-tab-content-6402\" aria-expanded=\"false\"><a href=\"\">2020<\/a><\/div>\n\t\t\t\t\t\t\t\t\t<div id=\"elementor-tab-title-6403\" class=\"elementor-tab-title elementor-tab-desktop-title\" aria-selected=\"false\" data-tab=\"3\" role=\"tab\" tabindex=\"-1\" aria-controls=\"elementor-tab-content-6403\" aria-expanded=\"false\"><a href=\"\"> 2021<\/a><\/div>\n\t\t\t\t\t\t\t\t\t<div id=\"elementor-tab-title-6404\" class=\"elementor-tab-title elementor-tab-desktop-title\" aria-selected=\"false\" data-tab=\"4\" role=\"tab\" tabindex=\"-1\" aria-controls=\"elementor-tab-content-6404\" aria-expanded=\"false\"><a href=\"\">2022<\/a><\/div>\n\t\t\t\t\t\t\t\t\t<div id=\"elementor-tab-title-6405\" class=\"elementor-tab-title elementor-tab-desktop-title\" aria-selected=\"false\" data-tab=\"5\" role=\"tab\" tabindex=\"-1\" aria-controls=\"elementor-tab-content-6405\" aria-expanded=\"false\"><a href=\"\">2024<\/a><\/div>\n\t\t\t\t\t\t\t\t\t<div id=\"elementor-tab-title-6406\" class=\"elementor-tab-title elementor-tab-desktop-title\" aria-selected=\"false\" data-tab=\"6\" role=\"tab\" tabindex=\"-1\" aria-controls=\"elementor-tab-content-6406\" aria-expanded=\"false\"><a href=\"\">Contract CNAM 2023<\/a><\/div>\n\t\t\t\t\t\t\t\t\t<div id=\"elementor-tab-title-6407\" class=\"elementor-tab-title elementor-tab-desktop-title\" aria-selected=\"false\" data-tab=\"7\" role=\"tab\" tabindex=\"-1\" aria-controls=\"elementor-tab-content-6407\" aria-expanded=\"false\"><a href=\"\">Contract CNAM 2025<\/a><\/div>\n\t\t\t\t\t\t\t\t\t<div id=\"elementor-tab-title-6408\" class=\"elementor-tab-title elementor-tab-desktop-title\" aria-selected=\"false\" data-tab=\"8\" role=\"tab\" tabindex=\"-1\" aria-controls=\"elementor-tab-content-6408\" aria-expanded=\"false\"><a href=\"\">Contract CNAM 2026<\/a><\/div>\n\t\t\t\t\t\t\t<\/div>\n\t\t\t<div class=\"elementor-tabs-content-wrapper\" role=\"tablist\" aria-orientation=\"vertical\">\n\t\t\t\t\t\t\t\t\t<div class=\"elementor-tab-title elementor-tab-mobile-title\" aria-selected=\"true\" data-tab=\"1\" role=\"tab\" tabindex=\"0\" aria-controls=\"elementor-tab-content-6401\" aria-expanded=\"false\">2019<\/div>\n\t\t\t\t\t<div id=\"elementor-tab-content-6401\" class=\"elementor-tab-content elementor-clearfix\" data-tab=\"1\" role=\"tabpanel\" aria-labelledby=\"elementor-tab-title-6401\" tabindex=\"0\" hidden=\"false\"><p><a href=\"https:\/\/tonyhawkscentru.md\/wp-content\/uploads\/2021\/05\/raport-de-activitate-2019.pdf\">Raport de activitate 2019<\/a><\/p><\/div>\n\t\t\t\t\t\t\t\t\t<div class=\"elementor-tab-title elementor-tab-mobile-title\" aria-selected=\"false\" data-tab=\"2\" role=\"tab\" tabindex=\"-1\" aria-controls=\"elementor-tab-content-6402\" aria-expanded=\"false\">2020<\/div>\n\t\t\t\t\t<div id=\"elementor-tab-content-6402\" class=\"elementor-tab-content elementor-clearfix\" data-tab=\"2\" role=\"tabpanel\" aria-labelledby=\"elementor-tab-title-6402\" tabindex=\"0\" hidden=\"hidden\"><p><a href=\"https:\/\/tonyhawkscentru.md\/wp-content\/uploads\/2021\/08\/raport-de-activitate-2020.pdf\">Raport de activitate 2020<\/a><\/p><\/div>\n\t\t\t\t\t\t\t\t\t<div class=\"elementor-tab-title elementor-tab-mobile-title\" aria-selected=\"false\" data-tab=\"3\" role=\"tab\" tabindex=\"-1\" aria-controls=\"elementor-tab-content-6403\" aria-expanded=\"false\"> 2021<\/div>\n\t\t\t\t\t<div id=\"elementor-tab-content-6403\" class=\"elementor-tab-content elementor-clearfix\" data-tab=\"3\" role=\"tabpanel\" aria-labelledby=\"elementor-tab-title-6403\" tabindex=\"0\" hidden=\"hidden\"><a href=\"https:\/\/tonyhawkscentru.md\/wp-content\/uploads\/2022\/06\/raport-anual-2021-1-1.pdf\" target=\"_blank\" rel=\"noopener\">Raport de activitate 2021<\/a><\/div>\n\t\t\t\t\t\t\t\t\t<div class=\"elementor-tab-title elementor-tab-mobile-title\" aria-selected=\"false\" data-tab=\"4\" role=\"tab\" tabindex=\"-1\" aria-controls=\"elementor-tab-content-6404\" aria-expanded=\"false\">2022<\/div>\n\t\t\t\t\t<div id=\"elementor-tab-content-6404\" class=\"elementor-tab-content elementor-clearfix\" data-tab=\"4\" role=\"tabpanel\" aria-labelledby=\"elementor-tab-title-6404\" tabindex=\"0\" hidden=\"hidden\"><a href=\"#\" target=\"_blank\" rel=\"noopener\">Raport de activitate 2022<\/a><\/div>\n\t\t\t\t\t\t\t\t\t<div class=\"elementor-tab-title elementor-tab-mobile-title\" aria-selected=\"false\" data-tab=\"5\" role=\"tab\" tabindex=\"-1\" aria-controls=\"elementor-tab-content-6405\" aria-expanded=\"false\">2024<\/div>\n\t\t\t\t\t<div id=\"elementor-tab-content-6405\" class=\"elementor-tab-content elementor-clearfix\" data-tab=\"5\" role=\"tabpanel\" aria-labelledby=\"elementor-tab-title-6405\" tabindex=\"0\" hidden=\"hidden\"><a href=\"https:\/\/tonyhawkscentru.md\/wp-content\/uploads\/2025\/06\/r-2024-final-.pdf\" target=\"_blank\" rel=\"noopener\">Raport de activitate 2024<\/a><\/div>\n\t\t\t\t\t\t\t\t\t<div class=\"elementor-tab-title elementor-tab-mobile-title\" aria-selected=\"false\" data-tab=\"6\" role=\"tab\" tabindex=\"-1\" aria-controls=\"elementor-tab-content-6406\" aria-expanded=\"false\">Contract CNAM 2023<\/div>\n\t\t\t\t\t<div id=\"elementor-tab-content-6406\" class=\"elementor-tab-content elementor-clearfix\" data-tab=\"6\" role=\"tabpanel\" aria-labelledby=\"elementor-tab-title-6406\" tabindex=\"0\" hidden=\"hidden\"><p><a href=\"https:\/\/tonyhawkscentru.md\/wp-content\/uploads\/2023\/07\/fundatia-tony-hawks-centru_2023.pdf\">Contract CNAM 2023<\/a><\/p><\/div>\n\t\t\t\t\t\t\t\t\t<div class=\"elementor-tab-title elementor-tab-mobile-title\" aria-selected=\"false\" data-tab=\"7\" role=\"tab\" tabindex=\"-1\" aria-controls=\"elementor-tab-content-6407\" aria-expanded=\"false\">Contract CNAM 2025<\/div>\n\t\t\t\t\t<div id=\"elementor-tab-content-6407\" class=\"elementor-tab-content elementor-clearfix\" data-tab=\"7\" role=\"tabpanel\" aria-labelledby=\"elementor-tab-title-6407\" tabindex=\"0\" hidden=\"hidden\"><a href=\"https:\/\/tonyhawkscentru.md\/wp-content\/uploads\/2025\/03\/contract_fundatia-tony-hawks-centru_2025.pdf\">Contract CNAM 2025<\/a><\/div>\n\t\t\t\t\t\t\t\t\t<div class=\"elementor-tab-title elementor-tab-mobile-title\" aria-selected=\"false\" data-tab=\"8\" role=\"tab\" tabindex=\"-1\" aria-controls=\"elementor-tab-content-6408\" aria-expanded=\"false\">Contract CNAM 2026<\/div>\n\t\t\t\t\t<div id=\"elementor-tab-content-6408\" class=\"elementor-tab-content elementor-clearfix\" data-tab=\"8\" role=\"tabpanel\" aria-labelledby=\"elementor-tab-title-6408\" tabindex=\"0\" hidden=\"hidden\"><a href=\"https:\/\/tonyhawkscentru.md\/wp-content\/uploads\/2026\/01\/contract_fundatia-thc_2026.pdf\">Contract CNAM 2026<\/a><\/div>\n\t\t\t\t\t\t\t<\/div>\n\t\t<\/div>\n\t\t\t\t<\/div>\n\t\t\t\t<\/div>\n\t\t\t\t<div class=\"elementor-element elementor-element-00967bb elementor-hidden-desktop elementor-hidden-tablet elementor-hidden-mobile elementor-icon-list--layout-traditional elementor-list-item-link-full_width elementor-widget elementor-widget-icon-list\" data-id=\"00967bb\" data-element_type=\"widget\" data-widget_type=\"icon-list.default\">\n\t\t\t\t<div class=\"elementor-widget-container\">\n\t\t\t\t\t<ul class=\"elementor-icon-list-items\">\n\t\t\t\t\t\t\t<li class=\"elementor-icon-list-item\">\n\t\t\t\t\t\t\t\t\t\t\t<a href=\"https:\/\/tonyhawkscentru.md\/wp-content\/uploads\/2020\/04\/scurt-istoric-fin.docx\">\n\n\t\t\t\t\t\t\t\t\t\t\t\t<span class=\"elementor-icon-list-icon\">\n\t\t\t\t\t\t\t<i aria-hidden=\"true\" class=\"fas fa-file-alt\"><\/i>\t\t\t\t\t\t<\/span>\n\t\t\t\t\t\t\t\t\t\t<span class=\"elementor-icon-list-text\">Some document<\/span>\n\t\t\t\t\t\t\t\t\t\t\t<\/a>\n\t\t\t\t\t\t\t\t\t<\/li>\n\t\t\t\t\t\t\t\t<li class=\"elementor-icon-list-item\">\n\t\t\t\t\t\t\t\t\t\t\t<a href=\"https:\/\/tonyhawkscentru.md\/wp-content\/uploads\/2020\/04\/scurt-istoric-fin.docx\">\n\n\t\t\t\t\t\t\t\t\t\t\t\t<span class=\"elementor-icon-list-icon\">\n\t\t\t\t\t\t\t<i aria-hidden=\"true\" class=\"fas fa-file-alt\"><\/i>\t\t\t\t\t\t<\/span>\n\t\t\t\t\t\t\t\t\t\t<span class=\"elementor-icon-list-text\">Some document<\/span>\n\t\t\t\t\t\t\t\t\t\t\t<\/a>\n\t\t\t\t\t\t\t\t\t<\/li>\n\t\t\t\t\t\t\t\t<li class=\"elementor-icon-list-item\">\n\t\t\t\t\t\t\t\t\t\t\t<a href=\"https:\/\/tonyhawkscentru.md\/wp-content\/uploads\/2020\/04\/scurt-istoric-fin.docx\">\n\n\t\t\t\t\t\t\t\t\t\t\t\t<span class=\"elementor-icon-list-icon\">\n\t\t\t\t\t\t\t<i aria-hidden=\"true\" class=\"fas fa-file-alt\"><\/i>\t\t\t\t\t\t<\/span>\n\t\t\t\t\t\t\t\t\t\t<span class=\"elementor-icon-list-text\">Some document<\/span>\n\t\t\t\t\t\t\t\t\t\t\t<\/a>\n\t\t\t\t\t\t\t\t\t<\/li>\n\t\t\t\t\t\t\t\t<li class=\"elementor-icon-list-item\">\n\t\t\t\t\t\t\t\t\t\t\t<a href=\"https:\/\/tonyhawkscentru.md\/wp-content\/uploads\/2020\/04\/scurt-istoric-fin.docx\">\n\n\t\t\t\t\t\t\t\t\t\t\t\t<span class=\"elementor-icon-list-icon\">\n\t\t\t\t\t\t\t<i aria-hidden=\"true\" class=\"fas fa-file-alt\"><\/i>\t\t\t\t\t\t<\/span>\n\t\t\t\t\t\t\t\t\t\t<span class=\"elementor-icon-list-text\">Some document<\/span>\n\t\t\t\t\t\t\t\t\t\t\t<\/a>\n\t\t\t\t\t\t\t\t\t<\/li>\n\t\t\t\t\t\t<\/ul>\n\t\t\t\t<\/div>\n\t\t\t\t<\/div>\n\t\t\t\t\t\t<\/div>\n\t\t\t\t\t<\/div>\n\t\t<\/div>\n\t\t\t\t\t\t\t\t<\/div>\n\t\t\t\t\t<\/div>\n\t\t<\/section>\n\t\t\t\t\t\t\t\t\t<\/div>\n\t\t\t<\/div>\n\t\t\t\t\t<\/div>\n\t\t","protected":false},"excerpt":{"rendered":"<p>Transparen\u021ba Cariera Fundatia Tony Hawks Centru, angajeaz\u0103 un consultant\/consultant\u0103 \u00een domeniul social privind acreditarea serviciului \u00cen perioada 01.11.2021 &#8211; 31.10.2023 Funda\u021bia \u201eTony Hawks Centru\u201d, implementeaz\u0103 proiectul \u201eExtinderea echipei de reabilitare a copiilor \u0219i tinerilor cu nevoi speciale prin crearea serviciului de Terapie Ocupa\u021bional\u0103\u201d finan\u021bat de Uniunea European\u0103, co-finan\u021bat de Funda\u021bia Soros-Moldova \u00een parteneriat cu Asocia\u021bia&hellip;&nbsp;<a href=\"https:\/\/tonyhawkscentru.md\/index.php\/transparenta\/\" rel=\"bookmark\">Cite\u0219te mai mult &raquo;<span class=\"screen-reader-text\">Transparen\u021b\u0103<\/span><\/a><\/p>\n","protected":false},"author":2,"featured_media":0,"parent":0,"menu_order":0,"comment_status":"closed","ping_status":"closed","template":"elementor_header_footer","meta":{"neve_meta_sidebar":"full-width","neve_meta_container":"","neve_meta_enable_content_width":"on","neve_meta_content_width":100,"neve_meta_title_alignment":"","neve_meta_author_avatar":"","neve_post_elements_order":"","neve_meta_disable_header":"","neve_meta_disable_footer":"","neve_meta_disable_title":""},"_links":{"self":[{"href":"https:\/\/tonyhawkscentru.md\/index.php\/wp-json\/wp\/v2\/pages\/961"}],"collection":[{"href":"https:\/\/tonyhawkscentru.md\/index.php\/wp-json\/wp\/v2\/pages"}],"about":[{"href":"https:\/\/tonyhawkscentru.md\/index.php\/wp-json\/wp\/v2\/types\/page"}],"author":[{"embeddable":true,"href":"https:\/\/tonyhawkscentru.md\/index.php\/wp-json\/wp\/v2\/users\/2"}],"replies":[{"embeddable":true,"href":"https:\/\/tonyhawkscentru.md\/index.php\/wp-json\/wp\/v2\/comments?post=961"}],"version-history":[{"count":103,"href":"https:\/\/tonyhawkscentru.md\/index.php\/wp-json\/wp\/v2\/pages\/961\/revisions"}],"predecessor-version":[{"id":2999,"href":"https:\/\/tonyhawkscentru.md\/index.php\/wp-json\/wp\/v2\/pages\/961\/revisions\/2999"}],"wp:attachment":[{"href":"https:\/\/tonyhawkscentru.md\/index.php\/wp-json\/wp\/v2\/media?parent=961"}],"curies":[{"name":"wp","href":"https:\/\/api.w.org\/{rel}","templated":true}]}}