{"id":963,"date":"2020-03-10T11:49:31","date_gmt":"2020-03-10T11:49:31","guid":{"rendered":"http:\/\/tonyhawkscentru.rts.one\/?page_id=963"},"modified":"2021-04-26T06:22:46","modified_gmt":"2021-04-26T06:22:46","slug":"suporteri","status":"publish","type":"page","link":"https:\/\/tonyhawkscentru.md\/index.php\/suporteri\/","title":{"rendered":"Suporteri"},"content":{"rendered":"\t\t<div data-elementor-type=\"wp-page\" data-elementor-id=\"963\" class=\"elementor elementor-963\">\n\t\t\t\t\t\t<div class=\"elementor-inner\">\n\t\t\t\t<div class=\"elementor-section-wrap\">\n\t\t\t\t\t\t\t\t\t<section class=\"elementor-section elementor-top-section elementor-element elementor-element-9630eee elementor-section-boxed elementor-section-height-default elementor-section-height-default\" data-id=\"9630eee\" data-element_type=\"section\" data-settings=\"{&quot;background_background&quot;:&quot;classic&quot;}\">\n\t\t\t\t\t\t\t<div class=\"elementor-background-overlay\"><\/div>\n\t\t\t\t\t\t\t<div class=\"elementor-container elementor-column-gap-default\">\n\t\t\t\t\t\t\t<div class=\"elementor-row\">\n\t\t\t\t\t<div class=\"elementor-column elementor-col-100 elementor-top-column elementor-element elementor-element-2a60646\" data-id=\"2a60646\" data-element_type=\"column\">\n\t\t\t<div class=\"elementor-column-wrap elementor-element-populated\">\n\t\t\t\t\t\t\t<div class=\"elementor-widget-wrap\">\n\t\t\t\t\t\t<div class=\"elementor-element elementor-element-f2c4629 elementor-invisible elementor-widget elementor-widget-heading\" data-id=\"f2c4629\" data-element_type=\"widget\" data-settings=\"{&quot;_animation&quot;:&quot;fadeInDown&quot;}\" data-widget_type=\"heading.default\">\n\t\t\t\t<div class=\"elementor-widget-container\">\n\t\t\t<h2 class=\"elementor-heading-title elementor-size-default\">P\u0103rintele Centrului:<\/h2>\t\t<\/div>\n\t\t\t\t<\/div>\n\t\t\t\t<section class=\"elementor-section elementor-inner-section elementor-element elementor-element-fd1f7a4 elementor-section-boxed elementor-section-height-default elementor-section-height-default\" data-id=\"fd1f7a4\" data-element_type=\"section\">\n\t\t\t\t\t\t<div class=\"elementor-container elementor-column-gap-default\">\n\t\t\t\t\t\t\t<div class=\"elementor-row\">\n\t\t\t\t\t<div class=\"elementor-column elementor-col-100 elementor-inner-column elementor-element elementor-element-ca8d178\" data-id=\"ca8d178\" data-element_type=\"column\" data-settings=\"{&quot;background_background&quot;:&quot;classic&quot;}\">\n\t\t\t<div class=\"elementor-column-wrap elementor-element-populated\">\n\t\t\t\t\t\t\t<div class=\"elementor-widget-wrap\">\n\t\t\t\t\t\t<div class=\"elementor-element elementor-element-35b6820 elementor-widget elementor-widget-image\" data-id=\"35b6820\" data-element_type=\"widget\" data-widget_type=\"image.default\">\n\t\t\t\t<div class=\"elementor-widget-container\">\n\t\t\t\t\t\t\t\t<div class=\"elementor-image\">\n\t\t\t\t\t\t\t\t\t\t\t\t<img width=\"620\" height=\"348\" src=\"https:\/\/tonyhawkscentru.md\/wp-content\/uploads\/2020\/01\/tonyhawks.jpg\" class=\"attachment-large size-large wp-image-216\" alt=\"\" loading=\"lazy\" srcset=\"https:\/\/tonyhawkscentru.md\/wp-content\/uploads\/2020\/01\/tonyhawks.jpg 620w, https:\/\/tonyhawkscentru.md\/wp-content\/uploads\/2020\/01\/tonyhawks-300x168.jpg 300w\" sizes=\"(max-width: 620px) 100vw, 620px\" \/>\t\t\t\t\t\t\t\t\t\t\t\t\t\t<\/div>\n\t\t\t\t\t\t<\/div>\n\t\t\t\t<\/div>\n\t\t\t\t<div class=\"elementor-element elementor-element-47f3417 elementor-widget elementor-widget-heading\" data-id=\"47f3417\" data-element_type=\"widget\" data-widget_type=\"heading.default\">\n\t\t\t\t<div class=\"elementor-widget-container\">\n\t\t\t<h2 class=\"elementor-heading-title elementor-size-default\"><a href=\"#\">Tony Hawks, scriitor \u0219i umorist britanic, autorul bestsellerului  \"Tenis cu moldoveni\"<\/a><\/h2>\t\t<\/div>\n\t\t\t\t<\/div>\n\t\t\t\t\t\t<\/div>\n\t\t\t\t\t<\/div>\n\t\t<\/div>\n\t\t\t\t\t\t\t\t<\/div>\n\t\t\t\t\t<\/div>\n\t\t<\/section>\n\t\t\t\t<div class=\"elementor-element elementor-element-35ea1c8 elementor-invisible elementor-widget elementor-widget-heading\" data-id=\"35ea1c8\" data-element_type=\"widget\" data-settings=\"{&quot;_animation&quot;:&quot;fadeInDown&quot;}\" data-widget_type=\"heading.default\">\n\t\t\t\t<div class=\"elementor-widget-container\">\n\t\t\t<h2 class=\"elementor-heading-title elementor-size-default\">Parteneri interna\u021bionali:<\/h2>\t\t<\/div>\n\t\t\t\t<\/div>\n\t\t\t\t<section class=\"elementor-section elementor-top-section elementor-element elementor-element-f696950 partners_block elementor-section-boxed elementor-section-height-default elementor-section-height-default elementor-invisible\" data-id=\"f696950\" data-element_type=\"section\" data-settings=\"{&quot;background_background&quot;:&quot;classic&quot;,&quot;animation&quot;:&quot;fadeInUp&quot;,&quot;animation_delay&quot;:&quot;400&quot;}\">\n\t\t\t\t\t\t<div class=\"elementor-container elementor-column-gap-default\">\n\t\t\t\t\t\t\t<div class=\"elementor-row\">\n\t\t\t\t\t<div class=\"elementor-column elementor-col-100 elementor-top-column elementor-element elementor-element-bcdb6cf\" data-id=\"bcdb6cf\" data-element_type=\"column\" data-settings=\"{&quot;background_background&quot;:&quot;classic&quot;}\">\n\t\t\t<div class=\"elementor-column-wrap elementor-element-populated\">\n\t\t\t\t\t\t\t<div class=\"elementor-widget-wrap\">\n\t\t\t\t\t\t<div class=\"elementor-element elementor-element-8d177b8 elementor-widget elementor-widget-image\" data-id=\"8d177b8\" data-element_type=\"widget\" data-widget_type=\"image.default\">\n\t\t\t\t<div class=\"elementor-widget-container\">\n\t\t\t\t\t\t\t\t<div class=\"elementor-image\">\n\t\t\t\t\t\t\t\t\t\t\t\t<img width=\"300\" height=\"300\" src=\"https:\/\/tonyhawkscentru.md\/wp-content\/uploads\/2020\/01\/partners2-300x300.jpg\" class=\"attachment-medium size-medium wp-image-158\" alt=\"\" loading=\"lazy\" srcset=\"https:\/\/tonyhawkscentru.md\/wp-content\/uploads\/2020\/01\/partners2-300x300.jpg 300w, https:\/\/tonyhawkscentru.md\/wp-content\/uploads\/2020\/01\/partners2-150x150.jpg 150w, https:\/\/tonyhawkscentru.md\/wp-content\/uploads\/2020\/01\/partners2.jpg 315w\" sizes=\"(max-width: 300px) 100vw, 300px\" \/>\t\t\t\t\t\t\t\t\t\t\t\t\t\t<\/div>\n\t\t\t\t\t\t<\/div>\n\t\t\t\t<\/div>\n\t\t\t\t<div class=\"elementor-element elementor-element-0182ee6 elementor-widget elementor-widget-heading\" data-id=\"0182ee6\" data-element_type=\"widget\" data-widget_type=\"heading.default\">\n\t\t\t\t<div class=\"elementor-widget-container\">\n\t\t\t<h2 class=\"elementor-heading-title elementor-size-default\"><a href=\"https:\/\/www.childaidee.org.uk\">www.childaidee.org.uk<br>Marea Britanie<\/a><\/h2>\t\t<\/div>\n\t\t\t\t<\/div>\n\t\t\t\t\t\t<\/div>\n\t\t\t\t\t<\/div>\n\t\t<\/div>\n\t\t\t\t\t\t\t\t<\/div>\n\t\t\t\t\t<\/div>\n\t\t<\/section>\n\t\t\t\t\t\t<\/div>\n\t\t\t\t\t<\/div>\n\t\t<\/div>\n\t\t\t\t\t\t\t\t<\/div>\n\t\t\t\t\t<\/div>\n\t\t<\/section>\n\t\t\t\t<section class=\"elementor-section elementor-top-section elementor-element elementor-element-41ebb990 elementor-section-boxed elementor-section-height-default elementor-section-height-default\" data-id=\"41ebb990\" data-element_type=\"section\" data-settings=\"{&quot;background_background&quot;:&quot;classic&quot;}\">\n\t\t\t\t\t\t\t<div class=\"elementor-background-overlay\"><\/div>\n\t\t\t\t\t\t\t<div class=\"elementor-container elementor-column-gap-default\">\n\t\t\t\t\t\t\t<div class=\"elementor-row\">\n\t\t\t\t\t<div class=\"elementor-column elementor-col-100 elementor-top-column elementor-element elementor-element-1a29bb1f\" data-id=\"1a29bb1f\" data-element_type=\"column\">\n\t\t\t<div class=\"elementor-column-wrap elementor-element-populated\">\n\t\t\t\t\t\t\t<div class=\"elementor-widget-wrap\">\n\t\t\t\t\t\t<div class=\"elementor-element elementor-element-58110900 elementor-invisible elementor-widget elementor-widget-heading\" data-id=\"58110900\" data-element_type=\"widget\" data-settings=\"{&quot;_animation&quot;:&quot;fadeInDown&quot;}\" data-widget_type=\"heading.default\">\n\t\t\t\t<div class=\"elementor-widget-container\">\n\t\t\t<h2 class=\"elementor-heading-title elementor-size-default\">Parteneri locali:<\/h2>\t\t<\/div>\n\t\t\t\t<\/div>\n\t\t\t\t<section class=\"elementor-section elementor-inner-section elementor-element elementor-element-9778b62 elementor-section-boxed elementor-section-height-default elementor-section-height-default\" data-id=\"9778b62\" data-element_type=\"section\">\n\t\t\t\t\t\t<div class=\"elementor-container elementor-column-gap-default\">\n\t\t\t\t\t\t\t<div class=\"elementor-row\">\n\t\t\t\t\t<div class=\"elementor-column elementor-col-25 elementor-inner-column elementor-element elementor-element-62394d37 elementor-invisible\" data-id=\"62394d37\" data-element_type=\"column\" data-settings=\"{&quot;background_background&quot;:&quot;classic&quot;,&quot;animation&quot;:&quot;fadeInUp&quot;}\">\n\t\t\t<div class=\"elementor-column-wrap elementor-element-populated\">\n\t\t\t\t\t\t\t<div class=\"elementor-widget-wrap\">\n\t\t\t\t\t\t<div class=\"elementor-element elementor-element-a2037b0 elementor-widget elementor-widget-image\" data-id=\"a2037b0\" data-element_type=\"widget\" data-widget_type=\"image.default\">\n\t\t\t\t<div class=\"elementor-widget-container\">\n\t\t\t\t\t\t\t\t<div class=\"elementor-image\">\n\t\t\t\t\t\t\t\t\t\t\t\t<img width=\"150\" height=\"150\" src=\"https:\/\/tonyhawkscentru.md\/wp-content\/uploads\/2020\/03\/local_partner_9-min-150x150.jpg\" class=\"attachment-thumbnail size-thumbnail wp-image-1075\" alt=\"\" loading=\"lazy\" srcset=\"https:\/\/tonyhawkscentru.md\/wp-content\/uploads\/2020\/03\/local_partner_9-min-150x150.jpg 150w, https:\/\/tonyhawkscentru.md\/wp-content\/uploads\/2020\/03\/local_partner_9-min-300x300.jpg 300w, https:\/\/tonyhawkscentru.md\/wp-content\/uploads\/2020\/03\/local_partner_9-min.jpg 315w\" sizes=\"(max-width: 150px) 100vw, 150px\" \/>\t\t\t\t\t\t\t\t\t\t\t\t\t\t<\/div>\n\t\t\t\t\t\t<\/div>\n\t\t\t\t<\/div>\n\t\t\t\t<div class=\"elementor-element elementor-element-e728fa7 elementor-widget elementor-widget-heading\" data-id=\"e728fa7\" data-element_type=\"widget\" data-widget_type=\"heading.default\">\n\t\t\t\t<div class=\"elementor-widget-container\">\n\t\t\t<h2 class=\"elementor-heading-title elementor-size-default\"><a href=\"#\">Pretura sectorului Buiucani<\/a><\/h2>\t\t<\/div>\n\t\t\t\t<\/div>\n\t\t\t\t\t\t<\/div>\n\t\t\t\t\t<\/div>\n\t\t<\/div>\n\t\t\t\t<div class=\"elementor-column elementor-col-25 elementor-inner-column elementor-element elementor-element-b0b1305 elementor-invisible\" data-id=\"b0b1305\" data-element_type=\"column\" data-settings=\"{&quot;background_background&quot;:&quot;classic&quot;,&quot;animation&quot;:&quot;fadeInUp&quot;}\">\n\t\t\t<div class=\"elementor-column-wrap elementor-element-populated\">\n\t\t\t\t\t\t\t<div class=\"elementor-widget-wrap\">\n\t\t\t\t\t\t<div class=\"elementor-element elementor-element-6783135 elementor-widget elementor-widget-image\" data-id=\"6783135\" data-element_type=\"widget\" data-widget_type=\"image.default\">\n\t\t\t\t<div class=\"elementor-widget-container\">\n\t\t\t\t\t\t\t\t<div class=\"elementor-image\">\n\t\t\t\t\t\t\t\t\t\t\t\t<img width=\"150\" height=\"150\" src=\"https:\/\/tonyhawkscentru.md\/wp-content\/uploads\/2020\/03\/local_partner_1-min-150x150.jpg\" class=\"attachment-thumbnail size-thumbnail wp-image-1067\" alt=\"\" loading=\"lazy\" srcset=\"https:\/\/tonyhawkscentru.md\/wp-content\/uploads\/2020\/03\/local_partner_1-min-150x150.jpg 150w, https:\/\/tonyhawkscentru.md\/wp-content\/uploads\/2020\/03\/local_partner_1-min-300x300.jpg 300w, https:\/\/tonyhawkscentru.md\/wp-content\/uploads\/2020\/03\/local_partner_1-min.jpg 315w\" sizes=\"(max-width: 150px) 100vw, 150px\" \/>\t\t\t\t\t\t\t\t\t\t\t\t\t\t<\/div>\n\t\t\t\t\t\t<\/div>\n\t\t\t\t<\/div>\n\t\t\t\t<div class=\"elementor-element elementor-element-378b55c elementor-widget elementor-widget-heading\" data-id=\"378b55c\" data-element_type=\"widget\" data-widget_type=\"heading.default\">\n\t\t\t\t<div class=\"elementor-widget-container\">\n\t\t\t<h2 class=\"elementor-heading-title elementor-size-default\"><a href=\"#\">Ambasada Britanica Chi\u0219in\u0103u<\/a><\/h2>\t\t<\/div>\n\t\t\t\t<\/div>\n\t\t\t\t\t\t<\/div>\n\t\t\t\t\t<\/div>\n\t\t<\/div>\n\t\t\t\t<div class=\"elementor-column elementor-col-25 elementor-inner-column elementor-element elementor-element-024ef8d elementor-invisible\" data-id=\"024ef8d\" data-element_type=\"column\" data-settings=\"{&quot;background_background&quot;:&quot;classic&quot;,&quot;animation&quot;:&quot;fadeInUp&quot;}\">\n\t\t\t<div class=\"elementor-column-wrap elementor-element-populated\">\n\t\t\t\t\t\t\t<div class=\"elementor-widget-wrap\">\n\t\t\t\t\t\t<div class=\"elementor-element elementor-element-5d53def elementor-widget elementor-widget-image\" data-id=\"5d53def\" data-element_type=\"widget\" data-widget_type=\"image.default\">\n\t\t\t\t<div class=\"elementor-widget-container\">\n\t\t\t\t\t\t\t\t<div class=\"elementor-image\">\n\t\t\t\t\t\t\t\t\t\t\t\t<img width=\"150\" height=\"150\" src=\"https:\/\/tonyhawkscentru.md\/wp-content\/uploads\/2020\/03\/local_partner_3-min-150x150.jpg\" class=\"attachment-thumbnail size-thumbnail wp-image-1069\" alt=\"\" loading=\"lazy\" srcset=\"https:\/\/tonyhawkscentru.md\/wp-content\/uploads\/2020\/03\/local_partner_3-min-150x150.jpg 150w, https:\/\/tonyhawkscentru.md\/wp-content\/uploads\/2020\/03\/local_partner_3-min-300x300.jpg 300w, https:\/\/tonyhawkscentru.md\/wp-content\/uploads\/2020\/03\/local_partner_3-min.jpg 315w\" sizes=\"(max-width: 150px) 100vw, 150px\" \/>\t\t\t\t\t\t\t\t\t\t\t\t\t\t<\/div>\n\t\t\t\t\t\t<\/div>\n\t\t\t\t<\/div>\n\t\t\t\t<div class=\"elementor-element elementor-element-5353a61 elementor-widget elementor-widget-heading\" data-id=\"5353a61\" data-element_type=\"widget\" data-widget_type=\"heading.default\">\n\t\t\t\t<div class=\"elementor-widget-container\">\n\t\t\t<h2 class=\"elementor-heading-title elementor-size-default\"><a href=\"#\">Clubul International al Femeilor<\/a><\/h2>\t\t<\/div>\n\t\t\t\t<\/div>\n\t\t\t\t\t\t<\/div>\n\t\t\t\t\t<\/div>\n\t\t<\/div>\n\t\t\t\t<div class=\"elementor-column elementor-col-25 elementor-inner-column elementor-element elementor-element-f807246 elementor-invisible\" data-id=\"f807246\" data-element_type=\"column\" data-settings=\"{&quot;background_background&quot;:&quot;classic&quot;,&quot;animation&quot;:&quot;fadeInUp&quot;}\">\n\t\t\t<div class=\"elementor-column-wrap elementor-element-populated\">\n\t\t\t\t\t\t\t<div class=\"elementor-widget-wrap\">\n\t\t\t\t\t\t<div class=\"elementor-element elementor-element-4f84037 elementor-widget elementor-widget-heading\" data-id=\"4f84037\" data-element_type=\"widget\" data-widget_type=\"heading.default\">\n\t\t\t\t<div class=\"elementor-widget-container\">\n\t\t\t<h2 class=\"elementor-heading-title elementor-size-default\"><a href=\"#\">DETS a Primariei mun. Chisinau<\/a><\/h2>\t\t<\/div>\n\t\t\t\t<\/div>\n\t\t\t\t<div class=\"elementor-element elementor-element-bb44b7b elementor-widget elementor-widget-heading\" data-id=\"bb44b7b\" data-element_type=\"widget\" data-widget_type=\"heading.default\">\n\t\t\t\t<div class=\"elementor-widget-container\">\n\t\t\t<h2 class=\"elementor-heading-title elementor-size-default\"><a href=\"#\">Gr\u0103dini\u021ba \"Orfeu\"<\/a><\/h2>\t\t<\/div>\n\t\t\t\t<\/div>\n\t\t\t\t\t\t<\/div>\n\t\t\t\t\t<\/div>\n\t\t<\/div>\n\t\t\t\t\t\t\t\t<\/div>\n\t\t\t\t\t<\/div>\n\t\t<\/section>\n\t\t\t\t\t\t<\/div>\n\t\t\t\t\t<\/div>\n\t\t<\/div>\n\t\t\t\t\t\t\t\t<\/div>\n\t\t\t\t\t<\/div>\n\t\t<\/section>\n\t\t\t\t<section class=\"elementor-section elementor-top-section elementor-element elementor-element-ccdde7c elementor-section-boxed elementor-section-height-default elementor-section-height-default elementor-invisible\" data-id=\"ccdde7c\" data-element_type=\"section\" data-settings=\"{&quot;background_background&quot;:&quot;classic&quot;,&quot;animation&quot;:&quot;fadeInUp&quot;,&quot;animation_delay&quot;:&quot;1000&quot;}\">\n\t\t\t\t\t\t<div class=\"elementor-container elementor-column-gap-default\">\n\t\t\t\t\t\t\t<div class=\"elementor-row\">\n\t\t\t\t\t<div class=\"elementor-column elementor-col-25 elementor-top-column elementor-element elementor-element-99093b4 elementor-invisible\" data-id=\"99093b4\" data-element_type=\"column\" data-settings=\"{&quot;background_background&quot;:&quot;classic&quot;,&quot;animation&quot;:&quot;fadeInUp&quot;}\">\n\t\t\t<div class=\"elementor-column-wrap elementor-element-populated\">\n\t\t\t\t\t\t\t<div class=\"elementor-widget-wrap\">\n\t\t\t\t\t\t<div class=\"elementor-element elementor-element-2309455 elementor-widget elementor-widget-image\" data-id=\"2309455\" data-element_type=\"widget\" data-widget_type=\"image.default\">\n\t\t\t\t<div class=\"elementor-widget-container\">\n\t\t\t\t\t\t\t\t<div class=\"elementor-image\">\n\t\t\t\t\t\t\t\t\t\t\t\t<img width=\"150\" height=\"150\" src=\"https:\/\/tonyhawkscentru.md\/wp-content\/uploads\/2020\/03\/local_partner_4-min-150x150.jpg\" class=\"attachment-thumbnail size-thumbnail wp-image-1070\" alt=\"\" loading=\"lazy\" srcset=\"https:\/\/tonyhawkscentru.md\/wp-content\/uploads\/2020\/03\/local_partner_4-min-150x150.jpg 150w, https:\/\/tonyhawkscentru.md\/wp-content\/uploads\/2020\/03\/local_partner_4-min-300x300.jpg 300w, https:\/\/tonyhawkscentru.md\/wp-content\/uploads\/2020\/03\/local_partner_4-min.jpg 315w\" sizes=\"(max-width: 150px) 100vw, 150px\" \/>\t\t\t\t\t\t\t\t\t\t\t\t\t\t<\/div>\n\t\t\t\t\t\t<\/div>\n\t\t\t\t<\/div>\n\t\t\t\t<div class=\"elementor-element elementor-element-82b1627 elementor-widget elementor-widget-heading\" data-id=\"82b1627\" data-element_type=\"widget\" data-widget_type=\"heading.default\">\n\t\t\t\t<div class=\"elementor-widget-container\">\n\t\t\t<h2 class=\"elementor-heading-title elementor-size-default\"><a href=\"#\">Rotary Club Cosmopolitan<\/a><\/h2>\t\t<\/div>\n\t\t\t\t<\/div>\n\t\t\t\t\t\t<\/div>\n\t\t\t\t\t<\/div>\n\t\t<\/div>\n\t\t\t\t<div class=\"elementor-column elementor-col-25 elementor-top-column elementor-element elementor-element-7f678bf elementor-invisible\" data-id=\"7f678bf\" data-element_type=\"column\" data-settings=\"{&quot;background_background&quot;:&quot;classic&quot;,&quot;animation&quot;:&quot;fadeInUp&quot;}\">\n\t\t\t<div class=\"elementor-column-wrap elementor-element-populated\">\n\t\t\t\t\t\t\t<div class=\"elementor-widget-wrap\">\n\t\t\t\t\t\t<div class=\"elementor-element elementor-element-21abbd5 elementor-widget elementor-widget-image\" data-id=\"21abbd5\" data-element_type=\"widget\" data-widget_type=\"image.default\">\n\t\t\t\t<div class=\"elementor-widget-container\">\n\t\t\t\t\t\t\t\t<div class=\"elementor-image\">\n\t\t\t\t\t\t\t\t\t\t\t\t<img width=\"150\" height=\"150\" src=\"https:\/\/tonyhawkscentru.md\/wp-content\/uploads\/2020\/01\/partners1-150x150.jpg\" class=\"attachment-thumbnail size-thumbnail wp-image-157\" alt=\"\" loading=\"lazy\" srcset=\"https:\/\/tonyhawkscentru.md\/wp-content\/uploads\/2020\/01\/partners1-150x150.jpg 150w, https:\/\/tonyhawkscentru.md\/wp-content\/uploads\/2020\/01\/partners1-300x300.jpg 300w, https:\/\/tonyhawkscentru.md\/wp-content\/uploads\/2020\/01\/partners1.jpg 315w\" sizes=\"(max-width: 150px) 100vw, 150px\" \/>\t\t\t\t\t\t\t\t\t\t\t\t\t\t<\/div>\n\t\t\t\t\t\t<\/div>\n\t\t\t\t<\/div>\n\t\t\t\t<div class=\"elementor-element elementor-element-2fd4e150 elementor-widget elementor-widget-heading\" data-id=\"2fd4e150\" data-element_type=\"widget\" data-widget_type=\"heading.default\">\n\t\t\t\t<div class=\"elementor-widget-container\">\n\t\t\t<h2 class=\"elementor-heading-title elementor-size-default\"><a href=\"#\">Compania Na\u021bional\u0103 de Asigur\u0103ri \u00een Medicin\u0103<\/a><\/h2>\t\t<\/div>\n\t\t\t\t<\/div>\n\t\t\t\t\t\t<\/div>\n\t\t\t\t\t<\/div>\n\t\t<\/div>\n\t\t\t\t<div class=\"elementor-column elementor-col-25 elementor-top-column elementor-element elementor-element-b086634 elementor-invisible\" data-id=\"b086634\" data-element_type=\"column\" data-settings=\"{&quot;background_background&quot;:&quot;classic&quot;,&quot;animation&quot;:&quot;fadeInUp&quot;}\">\n\t\t\t<div class=\"elementor-column-wrap elementor-element-populated\">\n\t\t\t\t\t\t\t<div class=\"elementor-widget-wrap\">\n\t\t\t\t\t\t<div class=\"elementor-element elementor-element-dc18787 elementor-widget elementor-widget-image\" data-id=\"dc18787\" data-element_type=\"widget\" data-widget_type=\"image.default\">\n\t\t\t\t<div class=\"elementor-widget-container\">\n\t\t\t\t\t\t\t\t<div class=\"elementor-image\">\n\t\t\t\t\t\t\t\t\t\t\t\t<img width=\"150\" height=\"150\" src=\"https:\/\/tonyhawkscentru.md\/wp-content\/uploads\/2020\/03\/local_partner_8-min-150x150.jpg\" class=\"attachment-thumbnail size-thumbnail wp-image-1074\" alt=\"\" loading=\"lazy\" srcset=\"https:\/\/tonyhawkscentru.md\/wp-content\/uploads\/2020\/03\/local_partner_8-min-150x150.jpg 150w, https:\/\/tonyhawkscentru.md\/wp-content\/uploads\/2020\/03\/local_partner_8-min-300x300.jpg 300w, https:\/\/tonyhawkscentru.md\/wp-content\/uploads\/2020\/03\/local_partner_8-min.jpg 315w\" sizes=\"(max-width: 150px) 100vw, 150px\" \/>\t\t\t\t\t\t\t\t\t\t\t\t\t\t<\/div>\n\t\t\t\t\t\t<\/div>\n\t\t\t\t<\/div>\n\t\t\t\t<div class=\"elementor-element elementor-element-5b13206 elementor-widget elementor-widget-heading\" data-id=\"5b13206\" data-element_type=\"widget\" data-widget_type=\"heading.default\">\n\t\t\t\t<div class=\"elementor-widget-container\">\n\t\t\t<h2 class=\"elementor-heading-title elementor-size-default\"><a href=\"#\">CIP Voinicel<\/a><\/h2>\t\t<\/div>\n\t\t\t\t<\/div>\n\t\t\t\t\t\t<\/div>\n\t\t\t\t\t<\/div>\n\t\t<\/div>\n\t\t\t\t<div class=\"elementor-column elementor-col-25 elementor-top-column elementor-element elementor-element-cc09dbd elementor-invisible\" data-id=\"cc09dbd\" data-element_type=\"column\" data-settings=\"{&quot;background_background&quot;:&quot;classic&quot;,&quot;animation&quot;:&quot;fadeInUp&quot;}\">\n\t\t\t<div class=\"elementor-column-wrap elementor-element-populated\">\n\t\t\t\t\t\t\t<div class=\"elementor-widget-wrap\">\n\t\t\t\t\t\t\t\t<\/div>\n\t\t\t\t\t<\/div>\n\t\t<\/div>\n\t\t\t\t\t\t\t\t<\/div>\n\t\t\t\t\t<\/div>\n\t\t<\/section>\n\t\t\t\t<section class=\"elementor-section elementor-top-section elementor-element elementor-element-d3247ae elementor-section-boxed elementor-section-height-default elementor-section-height-default\" data-id=\"d3247ae\" data-element_type=\"section\" data-settings=\"{&quot;background_background&quot;:&quot;classic&quot;}\">\n\t\t\t\t\t\t<div class=\"elementor-container elementor-column-gap-default\">\n\t\t\t\t\t\t\t<div class=\"elementor-row\">\n\t\t\t\t\t<div class=\"elementor-column elementor-col-100 elementor-top-column elementor-element elementor-element-5ecdd15\" data-id=\"5ecdd15\" data-element_type=\"column\">\n\t\t\t<div class=\"elementor-column-wrap elementor-element-populated\">\n\t\t\t\t\t\t\t<div class=\"elementor-widget-wrap\">\n\t\t\t\t\t\t<div class=\"elementor-element elementor-element-0bf3b0a elementor-invisible elementor-widget elementor-widget-heading\" data-id=\"0bf3b0a\" data-element_type=\"widget\" data-settings=\"{&quot;_animation&quot;:&quot;fadeInDown&quot;}\" data-widget_type=\"heading.default\">\n\t\t\t\t<div class=\"elementor-widget-container\">\n\t\t\t<h2 class=\"elementor-heading-title elementor-size-default\">Suporteri:<\/h2>\t\t<\/div>\n\t\t\t\t<\/div>\n\t\t\t\t\t\t<\/div>\n\t\t\t\t\t<\/div>\n\t\t<\/div>\n\t\t\t\t\t\t\t\t<\/div>\n\t\t\t\t\t<\/div>\n\t\t<\/section>\n\t\t\t\t<section class=\"elementor-section elementor-top-section elementor-element elementor-element-05362e4 elementor-section-full_width elementor-section-height-default elementor-section-height-default\" data-id=\"05362e4\" data-element_type=\"section\" data-settings=\"{&quot;background_background&quot;:&quot;classic&quot;}\">\n\t\t\t\t\t\t<div class=\"elementor-container elementor-column-gap-default\">\n\t\t\t\t\t\t\t<div class=\"elementor-row\">\n\t\t\t\t\t<div class=\"elementor-column elementor-col-100 elementor-top-column elementor-element elementor-element-395a05a\" data-id=\"395a05a\" data-element_type=\"column\">\n\t\t\t<div class=\"elementor-column-wrap elementor-element-populated\">\n\t\t\t\t\t\t\t<div class=\"elementor-widget-wrap\">\n\t\t\t\t\t\t<div class=\"elementor-element elementor-element-200a963 elementor-widget elementor-widget-image\" data-id=\"200a963\" data-element_type=\"widget\" data-widget_type=\"image.default\">\n\t\t\t\t<div class=\"elementor-widget-container\">\n\t\t\t\t\t\t\t\t<div class=\"elementor-image\">\n\t\t\t\t\t\t\t\t\t\t\t\t<img width=\"551\" height=\"463\" src=\"https:\/\/tonyhawkscentru.md\/wp-content\/uploads\/2020\/05\/group-8.jpg\" class=\"attachment-large size-large wp-image-1997\" alt=\"\" loading=\"lazy\" srcset=\"https:\/\/tonyhawkscentru.md\/wp-content\/uploads\/2020\/05\/group-8.jpg 551w, https:\/\/tonyhawkscentru.md\/wp-content\/uploads\/2020\/05\/group-8-300x252.jpg 300w\" sizes=\"(max-width: 551px) 100vw, 551px\" \/>\t\t\t\t\t\t\t\t\t\t\t\t\t\t<\/div>\n\t\t\t\t\t\t<\/div>\n\t\t\t\t<\/div>\n\t\t\t\t\t\t<\/div>\n\t\t\t\t\t<\/div>\n\t\t<\/div>\n\t\t\t\t\t\t\t\t<\/div>\n\t\t\t\t\t<\/div>\n\t\t<\/section>\n\t\t\t\t\t\t\t\t\t<\/div>\n\t\t\t<\/div>\n\t\t\t\t\t<\/div>\n\t\t","protected":false},"excerpt":{"rendered":"<p>P\u0103rintele Centrului: Tony Hawks, scriitor \u0219i umorist britanic, autorul bestsellerului &#8220;Tenis cu moldoveni&#8221; Parteneri interna\u021bionali: www.childaidee.org.ukMarea Britanie Parteneri locali: Pretura sectorului Buiucani Ambasada Britanica Chi\u0219in\u0103u Clubul International al Femeilor DETS a Primariei mun. Chisinau Gr\u0103dini\u021ba &#8220;Orfeu&#8221; Rotary Club Cosmopolitan Compania Na\u021bional\u0103 de Asigur\u0103ri \u00een Medicin\u0103 CIP Voinicel Suporteri:<\/p>\n","protected":false},"author":2,"featured_media":0,"parent":0,"menu_order":0,"comment_status":"closed","ping_status":"closed","template":"elementor_header_footer","meta":{"neve_meta_sidebar":"full-width","neve_meta_container":"","neve_meta_enable_content_width":"on","neve_meta_content_width":100,"neve_meta_title_alignment":"","neve_meta_author_avatar":"","neve_post_elements_order":"","neve_meta_disable_header":"","neve_meta_disable_footer":"","neve_meta_disable_title":""},"_links":{"self":[{"href":"https:\/\/tonyhawkscentru.md\/index.php\/wp-json\/wp\/v2\/pages\/963"}],"collection":[{"href":"https:\/\/tonyhawkscentru.md\/index.php\/wp-json\/wp\/v2\/pages"}],"about":[{"href":"https:\/\/tonyhawkscentru.md\/index.php\/wp-json\/wp\/v2\/types\/page"}],"author":[{"embeddable":true,"href":"https:\/\/tonyhawkscentru.md\/index.php\/wp-json\/wp\/v2\/users\/2"}],"replies":[{"embeddable":true,"href":"https:\/\/tonyhawkscentru.md\/index.php\/wp-json\/wp\/v2\/comments?post=963"}],"version-history":[{"count":35,"href":"https:\/\/tonyhawkscentru.md\/index.php\/wp-json\/wp\/v2\/pages\/963\/revisions"}],"predecessor-version":[{"id":2095,"href":"https:\/\/tonyhawkscentru.md\/index.php\/wp-json\/wp\/v2\/pages\/963\/revisions\/2095"}],"wp:attachment":[{"href":"https:\/\/tonyhawkscentru.md\/index.php\/wp-json\/wp\/v2\/media?parent=963"}],"curies":[{"name":"wp","href":"https:\/\/api.w.org\/{rel}","templated":true}]}}